{"id":867,"date":"2024-03-19T23:59:45","date_gmt":"2024-03-19T23:59:45","guid":{"rendered":"https:\/\/sasproductos.com\/inicio\/?post_type=product&#038;p=867"},"modified":"2024-03-20T00:00:38","modified_gmt":"2024-03-20T00:00:38","slug":"botella-11005","status":"publish","type":"product","link":"https:\/\/sasproductos.com\/inicio\/producto\/botella-11005\/","title":{"rendered":"Botella 11005"},"content":{"rendered":"<p>Botella de\u00a0 \u00bd\u201d capacidad de 0.5 lts. Dise\u00f1ada para recoger el condensado acumulado con el jalador para condensado (7716x), esta botella est\u00e1 provista de un acoplamiento r\u00e1pido que se conecta f\u00e1cilmente con el mango (referencias 2991Q y 2973Q).<\/p>\n","protected":false},"excerpt":{"rendered":"<p>Referencia: 11005<\/p>\n<p>Colores disponibles: Botella<\/p>\n","protected":false},"featured_media":978,"comment_status":"open","ping_status":"closed","template":"","meta":{"_et_pb_use_builder":"","_et_pb_old_content":"","_et_gb_content_width":""},"product_cat":[22],"product_tag":[],"class_list":{"0":"post-867","1":"product","2":"type-product","3":"status-publish","4":"has-post-thumbnail","6":"product_cat-secapisos","8":"first","9":"instock","10":"shipping-taxable","11":"product-type-simple"},"_links":{"self":[{"href":"https:\/\/sasproductos.com\/inicio\/wp-json\/wp\/v2\/product\/867","targetHints":{"allow":["GET"]}}],"collection":[{"href":"https:\/\/sasproductos.com\/inicio\/wp-json\/wp\/v2\/product"}],"about":[{"href":"https:\/\/sasproductos.com\/inicio\/wp-json\/wp\/v2\/types\/product"}],"replies":[{"embeddable":true,"href":"https:\/\/sasproductos.com\/inicio\/wp-json\/wp\/v2\/comments?post=867"}],"wp:featuredmedia":[{"embeddable":true,"href":"https:\/\/sasproductos.com\/inicio\/wp-json\/wp\/v2\/media\/978"}],"wp:attachment":[{"href":"https:\/\/sasproductos.com\/inicio\/wp-json\/wp\/v2\/media?parent=867"}],"wp:term":[{"taxonomy":"product_cat","embeddable":true,"href":"https:\/\/sasproductos.com\/inicio\/wp-json\/wp\/v2\/product_cat?post=867"},{"taxonomy":"product_tag","embeddable":true,"href":"https:\/\/sasproductos.com\/inicio\/wp-json\/wp\/v2\/product_tag?post=867"}],"curies":[{"name":"wp","href":"https:\/\/api.w.org\/{rel}","templated":true}]}}