{"id":751,"date":"2024-03-19T23:58:55","date_gmt":"2024-03-19T23:58:55","guid":{"rendered":"https:\/\/sasproductos.com\/inicio\/?post_type=product&#038;p=751"},"modified":"2024-03-19T23:59:25","modified_gmt":"2024-03-19T23:59:25","slug":"escobon-3174","status":"publish","type":"product","link":"https:\/\/sasproductos.com\/inicio\/producto\/escobon-3174\/","title":{"rendered":"Escob\u00f3n 3174"},"content":{"rendered":"<p>Escob\u00f3n tipo Combo. Cerdas combinadas suaves y duras. Dise\u00f1ada para una limpieza eficaz de suelos en el sector alimentario, as\u00ed como en cocinas y restaurantes, este escob\u00f3n tiene unas cerdas delanteras fuertes que ayudan a desprender la suciedad dif\u00edcil y los residuos resistentes, mientras que las posteriores son m\u00e1s blandas para recoger las part\u00edculas m\u00e1s finas.<\/p>\n","protected":false},"excerpt":{"rendered":"<p>Referencia: 3174<\/p>\n<p>Colores disponibles: <img loading=\"lazy\" decoding=\"async\" class=\"wp-image-169 alignnone size-full\" src=\"https:\/\/sasproductos.com\/inicio\/wp-content\/uploads\/2023\/09\/sas-productos-rosado.png\" alt=\"\" width=\"11\" height=\"11\" \/> <img loading=\"lazy\" decoding=\"async\" class=\"wp-image-172 alignnone size-full\" src=\"https:\/\/sasproductos.com\/inicio\/wp-content\/uploads\/2023\/09\/sas-productos-verde.png\" alt=\"\" width=\"11\" height=\"11\" \/> <img loading=\"lazy\" decoding=\"async\" class=\"wp-image-173 alignnone size-full\" src=\"https:\/\/sasproductos.com\/inicio\/wp-content\/uploads\/2023\/09\/sas-productos-azul.png\" alt=\"\" width=\"11\" height=\"11\" \/> <img loading=\"lazy\" decoding=\"async\" class=\"wp-image-168 alignnone size-full\" src=\"https:\/\/sasproductos.com\/inicio\/wp-content\/uploads\/2023\/09\/sas-productos-rojo.png\" alt=\"\" width=\"11\" height=\"11\" \/> <img loading=\"lazy\" decoding=\"async\" class=\"wp-image-167 alignnone size-full\" src=\"https:\/\/sasproductos.com\/inicio\/wp-content\/uploads\/2023\/09\/sas-productos-blanco.png\" alt=\"\" width=\"11\" height=\"11\" \/> <img loading=\"lazy\" decoding=\"async\" class=\"wp-image-171 alignnone size-full\" src=\"https:\/\/sasproductos.com\/inicio\/wp-content\/uploads\/2023\/09\/sas-productos-amarillo.png\" alt=\"\" width=\"11\" height=\"11\" \/> <img loading=\"lazy\" decoding=\"async\" class=\"wp-image-178 alignnone size-full\" src=\"https:\/\/sasproductos.com\/inicio\/wp-content\/uploads\/2023\/09\/sas-productos-naranja.png\" alt=\"\" width=\"11\" height=\"11\" \/> <img loading=\"lazy\" decoding=\"async\" class=\"wp-image-411 alignnone size-full\" src=\"https:\/\/sasproductos.com\/inicio\/wp-content\/uploads\/2023\/09\/sas-productos-morado.png\" alt=\"\" width=\"11\" height=\"11\" \/> <img loading=\"lazy\" decoding=\"async\" class=\"wp-image-175 alignnone size-full\" src=\"https:\/\/sasproductos.com\/inicio\/wp-content\/uploads\/2023\/09\/sas-productos-negro.png\" alt=\"\" width=\"11\" height=\"11\" \/> <a href=\"https:\/\/sasproductos.com\/inicio\/wp-content\/uploads\/2023\/09\/sas-productos-cafe-1-e1702758606140.png\"><img loading=\"lazy\" decoding=\"async\" class=\"alignnone size-full wp-image-2303\" src=\"https:\/\/sasproductos.com\/inicio\/wp-content\/uploads\/2023\/09\/sas-productos-cafe-1-e1702758606140.png\" alt=\"\" width=\"11\" height=\"11\" \/><\/a> <img loading=\"lazy\" decoding=\"async\" class=\"wp-image-176 alignnone size-full\" src=\"https:\/\/sasproductos.com\/inicio\/wp-content\/uploads\/2023\/09\/sas-productos-lima.png\" alt=\"\" width=\"11\" height=\"11\" \/> <img loading=\"lazy\" decoding=\"async\" class=\"wp-image-174 alignnone size-full\" src=\"https:\/\/sasproductos.com\/inicio\/wp-content\/uploads\/2023\/09\/sas-productos-gris.png\" alt=\"\" width=\"11\" height=\"11\" \/><\/p>\n","protected":false},"featured_media":827,"comment_status":"open","ping_status":"closed","template":"","meta":{"_et_pb_use_builder":"","_et_pb_old_content":"","_et_gb_content_width":""},"product_cat":[20],"product_tag":[],"class_list":{"0":"post-751","1":"product","2":"type-product","3":"status-publish","4":"has-post-thumbnail","6":"product_cat-escobas-y-cepillos","8":"first","9":"instock","10":"shipping-taxable","11":"product-type-simple"},"_links":{"self":[{"href":"https:\/\/sasproductos.com\/inicio\/wp-json\/wp\/v2\/product\/751","targetHints":{"allow":["GET"]}}],"collection":[{"href":"https:\/\/sasproductos.com\/inicio\/wp-json\/wp\/v2\/product"}],"about":[{"href":"https:\/\/sasproductos.com\/inicio\/wp-json\/wp\/v2\/types\/product"}],"replies":[{"embeddable":true,"href":"https:\/\/sasproductos.com\/inicio\/wp-json\/wp\/v2\/comments?post=751"}],"wp:featuredmedia":[{"embeddable":true,"href":"https:\/\/sasproductos.com\/inicio\/wp-json\/wp\/v2\/media\/827"}],"wp:attachment":[{"href":"https:\/\/sasproductos.com\/inicio\/wp-json\/wp\/v2\/media?parent=751"}],"wp:term":[{"taxonomy":"product_cat","embeddable":true,"href":"https:\/\/sasproductos.com\/inicio\/wp-json\/wp\/v2\/product_cat?post=751"},{"taxonomy":"product_tag","embeddable":true,"href":"https:\/\/sasproductos.com\/inicio\/wp-json\/wp\/v2\/product_tag?post=751"}],"curies":[{"name":"wp","href":"https:\/\/api.w.org\/{rel}","templated":true}]}}