{"id":702,"date":"2024-03-19T23:58:33","date_gmt":"2024-03-19T23:58:33","guid":{"rendered":"https:\/\/sasproductos.com\/inicio\/?post_type=product&#038;p=702"},"modified":"2024-03-19T23:59:12","modified_gmt":"2024-03-19T23:59:12","slug":"escoba-2916","status":"publish","type":"product","link":"https:\/\/sasproductos.com\/inicio\/producto\/escoba-2916\/","title":{"rendered":"Escoba 2916"},"content":{"rendered":"<p>Escoba angosta. Cerdas suaves\/dividas o abiertas de pet. Limpie con facilidad los espacios estrechos entre los equipos antes de fregarlos con esta vers\u00e1til escoba angular gracias a sus cerdas en \u00e1ngulo. Ideal para eliminar part\u00edculas finas como polvo, harina y az\u00facar en polvo. Las cerdas suaves\/divididas barren suavemente los polvos sin dejar residuos.<\/p>\n","protected":false},"excerpt":{"rendered":"<p>Referencia: 2916<\/p>\n<p>Colores disponibles: <img loading=\"lazy\" decoding=\"async\" class=\"wp-image-172 alignnone size-full\" src=\"https:\/\/sasproductos.com\/inicio\/wp-content\/uploads\/2023\/09\/sas-productos-verde.png\" alt=\"\" width=\"11\" height=\"11\" \/> <img loading=\"lazy\" decoding=\"async\" class=\"wp-image-173 alignnone size-full\" src=\"https:\/\/sasproductos.com\/inicio\/wp-content\/uploads\/2023\/09\/sas-productos-azul.png\" alt=\"\" width=\"11\" height=\"11\" \/> <img loading=\"lazy\" decoding=\"async\" class=\"wp-image-168 alignnone size-full\" src=\"https:\/\/sasproductos.com\/inicio\/wp-content\/uploads\/2023\/09\/sas-productos-rojo.png\" alt=\"\" width=\"11\" height=\"11\" \/> <img loading=\"lazy\" decoding=\"async\" class=\"wp-image-167 alignnone size-full\" src=\"https:\/\/sasproductos.com\/inicio\/wp-content\/uploads\/2023\/09\/sas-productos-blanco.png\" alt=\"\" width=\"11\" height=\"11\" \/> <img loading=\"lazy\" decoding=\"async\" class=\"wp-image-171 alignnone size-full\" src=\"https:\/\/sasproductos.com\/inicio\/wp-content\/uploads\/2023\/09\/sas-productos-amarillo.png\" alt=\"\" width=\"11\" height=\"11\" \/> <img loading=\"lazy\" decoding=\"async\" class=\"wp-image-175 alignnone size-full\" src=\"https:\/\/sasproductos.com\/inicio\/wp-content\/uploads\/2023\/09\/sas-productos-negro.png\" alt=\"\" width=\"11\" height=\"11\" \/><\/p>\n","protected":false},"featured_media":792,"comment_status":"open","ping_status":"closed","template":"","meta":{"_et_pb_use_builder":"","_et_pb_old_content":"","_et_gb_content_width":""},"product_cat":[20],"product_tag":[],"class_list":{"0":"post-702","1":"product","2":"type-product","3":"status-publish","4":"has-post-thumbnail","6":"product_cat-escobas-y-cepillos","8":"first","9":"instock","10":"shipping-taxable","11":"product-type-simple"},"_links":{"self":[{"href":"https:\/\/sasproductos.com\/inicio\/wp-json\/wp\/v2\/product\/702","targetHints":{"allow":["GET"]}}],"collection":[{"href":"https:\/\/sasproductos.com\/inicio\/wp-json\/wp\/v2\/product"}],"about":[{"href":"https:\/\/sasproductos.com\/inicio\/wp-json\/wp\/v2\/types\/product"}],"replies":[{"embeddable":true,"href":"https:\/\/sasproductos.com\/inicio\/wp-json\/wp\/v2\/comments?post=702"}],"wp:featuredmedia":[{"embeddable":true,"href":"https:\/\/sasproductos.com\/inicio\/wp-json\/wp\/v2\/media\/792"}],"wp:attachment":[{"href":"https:\/\/sasproductos.com\/inicio\/wp-json\/wp\/v2\/media?parent=702"}],"wp:term":[{"taxonomy":"product_cat","embeddable":true,"href":"https:\/\/sasproductos.com\/inicio\/wp-json\/wp\/v2\/product_cat?post=702"},{"taxonomy":"product_tag","embeddable":true,"href":"https:\/\/sasproductos.com\/inicio\/wp-json\/wp\/v2\/product_tag?post=702"}],"curies":[{"name":"wp","href":"https:\/\/api.w.org\/{rel}","templated":true}]}}