{"id":645,"date":"2024-03-19T23:58:08","date_gmt":"2024-03-19T23:58:08","guid":{"rendered":"https:\/\/sasproductos.com\/inicio\/?post_type=product&#038;p=645"},"modified":"2024-03-19T23:58:44","modified_gmt":"2024-03-19T23:58:44","slug":"cepillo-4582","status":"publish","type":"product","link":"https:\/\/sasproductos.com\/inicio\/producto\/cepillo-4582\/","title":{"rendered":"Cepillo 4582"},"content":{"rendered":"\n\n<p>Cepillo de mano para polvo. Cerdas suaves. Este cepillo para polvo est\u00e1 dise\u00f1ado para barrer part\u00edculas finas, como harina, en cintas transportadoras y superficies destinadas a la preparaci\u00f3n de alimentos.<\/p>\n\n","protected":false},"excerpt":{"rendered":"<p>Referencia: 4582<br \/>Colores disponibles: <img loading=\"lazy\" decoding=\"async\" style=\"margin: 0px; padding: 0px; border: 0px; font-size: 14px; vertical-align: baseline; max-width: 100%; height: auto; , arial, sans-serif;font-style: normal; font-weight: 500; letter-spacing: normal; text-align: left; text-indent: 0px; text-transform: none;\" src=\"https:\/\/sasproductos.com\/inicio\/wp-content\/uploads\/2023\/09\/sas-productos-verde.png\" alt=\"\" width=\"11\" height=\"11\" \/><span style=\", arial, sans-serif;font-size: 14px; font-style: normal; font-weight: 500; letter-spacing: normal; text-align: left; text-indent: 0px; text-transform: none; float: none;\">\u00a0<\/span><img loading=\"lazy\" decoding=\"async\" style=\"margin: 0px; padding: 0px; border: 0px; font-size: 14px; vertical-align: baseline; max-width: 100%; height: auto; , arial, sans-serif;font-style: normal; font-weight: 500; letter-spacing: normal; text-align: left; text-indent: 0px; text-transform: none;\" src=\"https:\/\/sasproductos.com\/inicio\/wp-content\/uploads\/2023\/09\/sas-productos-azul.png\" alt=\"\" width=\"11\" height=\"11\" \/><span style=\", arial, sans-serif;font-size: 14px; font-style: normal; font-weight: 500; letter-spacing: normal; text-align: left; text-indent: 0px; text-transform: none; float: none;\">\u00a0<\/span><img loading=\"lazy\" decoding=\"async\" style=\"margin: 0px; padding: 0px; border: 0px; font-size: 14px; vertical-align: baseline; max-width: 100%; height: auto; , arial, sans-serif;font-style: normal; font-weight: 500; letter-spacing: normal; text-align: left; text-indent: 0px; text-transform: none;\" src=\"https:\/\/sasproductos.com\/inicio\/wp-content\/uploads\/2023\/09\/sas-productos-rojo.png\" alt=\"\" width=\"11\" height=\"11\" \/><span style=\", arial, sans-serif;font-size: 14px; font-style: normal; font-weight: 500; letter-spacing: normal; text-align: left; text-indent: 0px; text-transform: none; float: none;\">\u00a0<\/span><img loading=\"lazy\" decoding=\"async\" style=\"margin: 0px; padding: 0px; border: 0px; font-size: 14px; vertical-align: baseline; max-width: 100%; height: auto; , arial, sans-serif;font-style: normal; font-weight: 500; letter-spacing: normal; text-align: left; text-indent: 0px; text-transform: none;\" src=\"https:\/\/sasproductos.com\/inicio\/wp-content\/uploads\/2023\/09\/sas-productos-blanco.png\" alt=\"\" width=\"11\" height=\"11\" \/><span style=\", arial, sans-serif;font-size: 14px; font-style: normal; font-weight: 500; letter-spacing: normal; text-align: left; text-indent: 0px; text-transform: none; float: none;\">\u00a0<\/span><img loading=\"lazy\" decoding=\"async\" style=\"margin: 0px; padding: 0px; border: 0px; font-size: 14px; vertical-align: baseline; max-width: 100%; height: auto; , arial, sans-serif;font-style: normal; font-weight: 500; letter-spacing: normal; text-align: left; text-indent: 0px; text-transform: none;\" src=\"https:\/\/sasproductos.com\/inicio\/wp-content\/uploads\/2023\/09\/sas-productos-amarillo.png\" alt=\"\" width=\"11\" height=\"11\" \/><\/p>\n","protected":false},"featured_media":727,"comment_status":"open","ping_status":"closed","template":"","meta":{"_et_pb_use_builder":"","_et_pb_old_content":"","_et_gb_content_width":""},"product_cat":[19],"product_tag":[],"class_list":{"0":"post-645","1":"product","2":"type-product","3":"status-publish","4":"has-post-thumbnail","6":"product_cat-cepillos-manuales","8":"first","9":"instock","10":"shipping-taxable","11":"product-type-simple"},"_links":{"self":[{"href":"https:\/\/sasproductos.com\/inicio\/wp-json\/wp\/v2\/product\/645","targetHints":{"allow":["GET"]}}],"collection":[{"href":"https:\/\/sasproductos.com\/inicio\/wp-json\/wp\/v2\/product"}],"about":[{"href":"https:\/\/sasproductos.com\/inicio\/wp-json\/wp\/v2\/types\/product"}],"replies":[{"embeddable":true,"href":"https:\/\/sasproductos.com\/inicio\/wp-json\/wp\/v2\/comments?post=645"}],"wp:featuredmedia":[{"embeddable":true,"href":"https:\/\/sasproductos.com\/inicio\/wp-json\/wp\/v2\/media\/727"}],"wp:attachment":[{"href":"https:\/\/sasproductos.com\/inicio\/wp-json\/wp\/v2\/media?parent=645"}],"wp:term":[{"taxonomy":"product_cat","embeddable":true,"href":"https:\/\/sasproductos.com\/inicio\/wp-json\/wp\/v2\/product_cat?post=645"},{"taxonomy":"product_tag","embeddable":true,"href":"https:\/\/sasproductos.com\/inicio\/wp-json\/wp\/v2\/product_tag?post=645"}],"curies":[{"name":"wp","href":"https:\/\/api.w.org\/{rel}","templated":true}]}}