{"id":1572,"date":"2024-03-20T00:06:02","date_gmt":"2024-03-20T00:06:02","guid":{"rendered":"https:\/\/sasproductos.com\/inicio\/?post_type=product&#038;p=1572"},"modified":"2024-05-03T17:46:25","modified_gmt":"2024-05-03T17:46:25","slug":"mopa-mscrb-24","status":"publish","type":"product","link":"https:\/\/sasproductos.com\/inicio\/producto\/mopa-mscrb-24\/","title":{"rendered":"Mopa MSCRB 24\u201d"},"content":{"rendered":"<p>Esta mopa est\u00e1 fabricada con una mezcla de hilo de microfibra 80\/20 dividida y tiras de polipropileno de ondas para una abrasi\u00f3n adicional y agresiva. El tejido permite que el raspado afloje la tierra y los hilos de microfibra recojan la tierra. La fabricaci\u00f3n elimina la espuma tradicional y agrega una capa de tejido de microfibra absorbente para una mejor absorci\u00f3n y una descarga m\u00e1s lenta. Posee un respaldo muy duradero.<\/p>\n","protected":false},"excerpt":{"rendered":"<p>Referencia: MSCRB24<\/p>\n<p>Colores disponibles: Gris con rayas azules<\/p>\n","protected":false},"featured_media":2019,"comment_status":"open","ping_status":"closed","template":"","meta":{"_et_pb_use_builder":"","_et_pb_old_content":"","_et_gb_content_width":""},"product_cat":[40],"product_tag":[],"class_list":{"0":"post-1572","1":"product","2":"type-product","3":"status-publish","4":"has-post-thumbnail","6":"product_cat-mopas","8":"first","9":"instock","10":"shipping-taxable","11":"product-type-simple"},"_links":{"self":[{"href":"https:\/\/sasproductos.com\/inicio\/wp-json\/wp\/v2\/product\/1572","targetHints":{"allow":["GET"]}}],"collection":[{"href":"https:\/\/sasproductos.com\/inicio\/wp-json\/wp\/v2\/product"}],"about":[{"href":"https:\/\/sasproductos.com\/inicio\/wp-json\/wp\/v2\/types\/product"}],"replies":[{"embeddable":true,"href":"https:\/\/sasproductos.com\/inicio\/wp-json\/wp\/v2\/comments?post=1572"}],"wp:featuredmedia":[{"embeddable":true,"href":"https:\/\/sasproductos.com\/inicio\/wp-json\/wp\/v2\/media\/2019"}],"wp:attachment":[{"href":"https:\/\/sasproductos.com\/inicio\/wp-json\/wp\/v2\/media?parent=1572"}],"wp:term":[{"taxonomy":"product_cat","embeddable":true,"href":"https:\/\/sasproductos.com\/inicio\/wp-json\/wp\/v2\/product_cat?post=1572"},{"taxonomy":"product_tag","embeddable":true,"href":"https:\/\/sasproductos.com\/inicio\/wp-json\/wp\/v2\/product_tag?post=1572"}],"curies":[{"name":"wp","href":"https:\/\/api.w.org\/{rel}","templated":true}]}}