{"id":1569,"date":"2024-03-20T00:06:02","date_gmt":"2024-03-20T00:06:02","guid":{"rendered":"https:\/\/sasproductos.com\/inicio\/?post_type=product&#038;p=1569"},"modified":"2024-05-03T17:38:55","modified_gmt":"2024-05-03T17:38:55","slug":"mopa-mfin-18","status":"publish","type":"product","link":"https:\/\/sasproductos.com\/inicio\/producto\/mopa-mfin-18\/","title":{"rendered":"Mopa MFIN 18\u201d"},"content":{"rendered":"<p>Esta mopa posee un acabado de microfibra: est\u00e1 construida con hilo de microfibra sint\u00e9tica para permitir un acabado m\u00e1s uniforme y suave. Menos desperdicio de secado, menos fatiga, son ventajas que obtendr\u00e1 con esta almohadilla. Producido con hilo de microfibra de filamento continuo, se puede lavar a m\u00e1quina cientos de veces. Poseen un respaldo duradero.<\/p>\n","protected":false},"excerpt":{"rendered":"<p>Referencia: MFIN 18\u201d<\/p>\n<p>Colores disponibles: Blanca con rayas azules<\/p>\n","protected":false},"featured_media":2010,"comment_status":"open","ping_status":"closed","template":"","meta":{"_et_pb_use_builder":"","_et_pb_old_content":"","_et_gb_content_width":""},"product_cat":[40],"product_tag":[],"class_list":{"0":"post-1569","1":"product","2":"type-product","3":"status-publish","4":"has-post-thumbnail","6":"product_cat-mopas","8":"first","9":"instock","10":"shipping-taxable","11":"product-type-simple"},"_links":{"self":[{"href":"https:\/\/sasproductos.com\/inicio\/wp-json\/wp\/v2\/product\/1569","targetHints":{"allow":["GET"]}}],"collection":[{"href":"https:\/\/sasproductos.com\/inicio\/wp-json\/wp\/v2\/product"}],"about":[{"href":"https:\/\/sasproductos.com\/inicio\/wp-json\/wp\/v2\/types\/product"}],"replies":[{"embeddable":true,"href":"https:\/\/sasproductos.com\/inicio\/wp-json\/wp\/v2\/comments?post=1569"}],"wp:featuredmedia":[{"embeddable":true,"href":"https:\/\/sasproductos.com\/inicio\/wp-json\/wp\/v2\/media\/2010"}],"wp:attachment":[{"href":"https:\/\/sasproductos.com\/inicio\/wp-json\/wp\/v2\/media?parent=1569"}],"wp:term":[{"taxonomy":"product_cat","embeddable":true,"href":"https:\/\/sasproductos.com\/inicio\/wp-json\/wp\/v2\/product_cat?post=1569"},{"taxonomy":"product_tag","embeddable":true,"href":"https:\/\/sasproductos.com\/inicio\/wp-json\/wp\/v2\/product_tag?post=1569"}],"curies":[{"name":"wp","href":"https:\/\/api.w.org\/{rel}","templated":true}]}}