{"id":1568,"date":"2024-03-20T00:06:02","date_gmt":"2024-03-20T00:06:02","guid":{"rendered":"https:\/\/sasproductos.com\/inicio\/?post_type=product&#038;p=1568"},"modified":"2024-03-20T00:06:17","modified_gmt":"2024-03-20T00:06:17","slug":"mopa-mhcl18","status":"publish","type":"product","link":"https:\/\/sasproductos.com\/inicio\/producto\/mopa-mhcl18\/","title":{"rendered":"Mopa MHCL18"},"content":{"rendered":"<p>La mopa de 18\u201d posee microfibra de circuito cerrado y est\u00e1 fabricada con una microfibra tejida con una mezcla dividida 80\/20. Esta mopa est\u00e1 hecha para limpieza sanitaria. No hay esponja en esta mopa y est\u00e1 es reemplazada por dos capas de tejido de microfibra altamente absorbentes que eliminan la reproducci\u00f3n de bacterias asociadas con las esponjas. \u00c9sta mopa aumentar\u00e1 la capacidad de recogida, lo que ayudar\u00e1 a limpiar \u00e1reas m\u00e1s grandes. Posee un respaldo duradero para su f\u00e1cil sujeci\u00f3n al velcro.<\/p>\n","protected":false},"excerpt":{"rendered":"<p>Referencia: MHCL18<\/p>\n<p>Colores disponibles: <img loading=\"lazy\" decoding=\"async\" class=\"alignnone size-full wp-image-172\" src=\"http:\/\/sasproductos.com\/inicio\/wp-content\/uploads\/2023\/09\/sas-productos-verde.png\" alt=\"\" width=\"11\" height=\"11\" \/> <img loading=\"lazy\" decoding=\"async\" class=\"alignnone size-full wp-image-173\" src=\"http:\/\/sasproductos.com\/inicio\/wp-content\/uploads\/2023\/09\/sas-productos-azul.png\" alt=\"\" width=\"11\" height=\"11\" \/><\/p>\n","protected":false},"featured_media":1593,"comment_status":"open","ping_status":"closed","template":"","meta":{"_et_pb_use_builder":"","_et_pb_old_content":"","_et_gb_content_width":""},"product_cat":[40],"product_tag":[],"class_list":{"0":"post-1568","1":"product","2":"type-product","3":"status-publish","4":"has-post-thumbnail","6":"product_cat-mopas","8":"first","9":"instock","10":"shipping-taxable","11":"product-type-simple"},"_links":{"self":[{"href":"https:\/\/sasproductos.com\/inicio\/wp-json\/wp\/v2\/product\/1568","targetHints":{"allow":["GET"]}}],"collection":[{"href":"https:\/\/sasproductos.com\/inicio\/wp-json\/wp\/v2\/product"}],"about":[{"href":"https:\/\/sasproductos.com\/inicio\/wp-json\/wp\/v2\/types\/product"}],"replies":[{"embeddable":true,"href":"https:\/\/sasproductos.com\/inicio\/wp-json\/wp\/v2\/comments?post=1568"}],"wp:featuredmedia":[{"embeddable":true,"href":"https:\/\/sasproductos.com\/inicio\/wp-json\/wp\/v2\/media\/1593"}],"wp:attachment":[{"href":"https:\/\/sasproductos.com\/inicio\/wp-json\/wp\/v2\/media?parent=1568"}],"wp:term":[{"taxonomy":"product_cat","embeddable":true,"href":"https:\/\/sasproductos.com\/inicio\/wp-json\/wp\/v2\/product_cat?post=1568"},{"taxonomy":"product_tag","embeddable":true,"href":"https:\/\/sasproductos.com\/inicio\/wp-json\/wp\/v2\/product_tag?post=1568"}],"curies":[{"name":"wp","href":"https:\/\/api.w.org\/{rel}","templated":true}]}}