{"id":1567,"date":"2024-03-20T00:06:02","date_gmt":"2024-03-20T00:06:02","guid":{"rendered":"https:\/\/sasproductos.com\/inicio\/?post_type=product&#038;p=1567"},"modified":"2024-03-20T00:06:16","modified_gmt":"2024-03-20T00:06:16","slug":"mopa-mcs-18","status":"publish","type":"product","link":"https:\/\/sasproductos.com\/inicio\/producto\/mopa-mcs-18\/","title":{"rendered":"Mopa MCS 18\u201d"},"content":{"rendered":"<p>La mopa de 18\u201d posee una capa de hilos de microfibra dividida 80\/20 y tiras de polipropileno para una abrasi\u00f3n adicional. Estas mopas est\u00e1n dise\u00f1adas con una combinaci\u00f3n de microfibra de felpa de pelo corto para una buena fricci\u00f3n y absorci\u00f3n en la superficie y rayas de polipropileno para aumentar el fregado y reducir el raspado o la fatiga del usuario. El centro de la mopa est\u00e1 hecho con una capa de tela de microfibra extra, en lugar de esponja, lo que aumentar\u00e1 la absorci\u00f3n general de la mopa y al mismo tiempo reducir\u00e1 la presencia de bacterias. Disponibles en verde, azul, rojo y amarillo. Ideal para la codificaci\u00f3n por colores. Se puede usar para seco y\/o h\u00famedo. Posee un respaldo de velcro duradero.<\/p>\n","protected":false},"excerpt":{"rendered":"<p>Referencia: MCS 18\u201d<\/p>\n<p>Colores disponibles: <img loading=\"lazy\" decoding=\"async\" class=\"alignnone size-full wp-image-176\" src=\"http:\/\/sasproductos.com\/inicio\/wp-content\/uploads\/2023\/09\/sas-productos-lima.png\" alt=\"\" width=\"11\" height=\"11\" \/> <img loading=\"lazy\" decoding=\"async\" class=\"alignnone size-full wp-image-173\" src=\"http:\/\/sasproductos.com\/inicio\/wp-content\/uploads\/2023\/09\/sas-productos-azul.png\" alt=\"\" width=\"11\" height=\"11\" \/> <img loading=\"lazy\" decoding=\"async\" class=\"alignnone size-full wp-image-168\" src=\"http:\/\/sasproductos.com\/inicio\/wp-content\/uploads\/2023\/09\/sas-productos-rojo.png\" alt=\"\" width=\"11\" height=\"11\" \/> <img loading=\"lazy\" decoding=\"async\" class=\"alignnone size-full wp-image-171\" src=\"http:\/\/sasproductos.com\/inicio\/wp-content\/uploads\/2023\/09\/sas-productos-amarillo.png\" alt=\"\" width=\"11\" height=\"11\" \/><\/p>\n","protected":false},"featured_media":1592,"comment_status":"open","ping_status":"closed","template":"","meta":{"_et_pb_use_builder":"","_et_pb_old_content":"","_et_gb_content_width":""},"product_cat":[40],"product_tag":[],"class_list":{"0":"post-1567","1":"product","2":"type-product","3":"status-publish","4":"has-post-thumbnail","6":"product_cat-mopas","8":"first","9":"instock","10":"shipping-taxable","11":"product-type-simple"},"_links":{"self":[{"href":"https:\/\/sasproductos.com\/inicio\/wp-json\/wp\/v2\/product\/1567","targetHints":{"allow":["GET"]}}],"collection":[{"href":"https:\/\/sasproductos.com\/inicio\/wp-json\/wp\/v2\/product"}],"about":[{"href":"https:\/\/sasproductos.com\/inicio\/wp-json\/wp\/v2\/types\/product"}],"replies":[{"embeddable":true,"href":"https:\/\/sasproductos.com\/inicio\/wp-json\/wp\/v2\/comments?post=1567"}],"wp:featuredmedia":[{"embeddable":true,"href":"https:\/\/sasproductos.com\/inicio\/wp-json\/wp\/v2\/media\/1592"}],"wp:attachment":[{"href":"https:\/\/sasproductos.com\/inicio\/wp-json\/wp\/v2\/media?parent=1567"}],"wp:term":[{"taxonomy":"product_cat","embeddable":true,"href":"https:\/\/sasproductos.com\/inicio\/wp-json\/wp\/v2\/product_cat?post=1567"},{"taxonomy":"product_tag","embeddable":true,"href":"https:\/\/sasproductos.com\/inicio\/wp-json\/wp\/v2\/product_tag?post=1567"}],"curies":[{"name":"wp","href":"https:\/\/api.w.org\/{rel}","templated":true}]}}