{"id":1546,"date":"2024-03-20T00:05:40","date_gmt":"2024-03-20T00:05:40","guid":{"rendered":"https:\/\/sasproductos.com\/inicio\/?post_type=product&#038;p=1546"},"modified":"2024-03-20T00:06:15","modified_gmt":"2024-03-20T00:06:15","slug":"mopa-22-32","status":"publish","type":"product","link":"https:\/\/sasproductos.com\/inicio\/producto\/mopa-22-32\/","title":{"rendered":"Mopa 22-32"},"content":{"rendered":"<p>La mopa 22-32 es de grado farmac\u00e9utico, es fabricada con tejido de poli\u00e9ster tejido continuo con sulfato de plato, siendo este un agente eliminado de microorganismos, unido permanentemente act\u00faa para capturar e inhibir el crecimiento bacteriano. Este antibacteriano no perder\u00e1 eficacia despu\u00e9s del lavado. Dise\u00f1ada para uso en entornos controlados. Lavable en lavadora o a mano. La mopa se puede esterilizar con Gamma, ETO y autoclave hasta 250 oF (121 oC) durante 30 minutos. Por favor humedecer antes de colocar en la autoclave.<\/p>\n","protected":false},"excerpt":{"rendered":"<p>Referencia: 22-32<\/p>\n<p>Colores disponibles: Blanco con gris<\/p>\n","protected":false},"featured_media":1590,"comment_status":"open","ping_status":"closed","template":"","meta":{"_et_pb_use_builder":"","_et_pb_old_content":"","_et_gb_content_width":""},"product_cat":[40],"product_tag":[],"class_list":{"0":"post-1546","1":"product","2":"type-product","3":"status-publish","4":"has-post-thumbnail","6":"product_cat-mopas","8":"first","9":"instock","10":"shipping-taxable","11":"product-type-simple"},"_links":{"self":[{"href":"https:\/\/sasproductos.com\/inicio\/wp-json\/wp\/v2\/product\/1546","targetHints":{"allow":["GET"]}}],"collection":[{"href":"https:\/\/sasproductos.com\/inicio\/wp-json\/wp\/v2\/product"}],"about":[{"href":"https:\/\/sasproductos.com\/inicio\/wp-json\/wp\/v2\/types\/product"}],"replies":[{"embeddable":true,"href":"https:\/\/sasproductos.com\/inicio\/wp-json\/wp\/v2\/comments?post=1546"}],"wp:featuredmedia":[{"embeddable":true,"href":"https:\/\/sasproductos.com\/inicio\/wp-json\/wp\/v2\/media\/1590"}],"wp:attachment":[{"href":"https:\/\/sasproductos.com\/inicio\/wp-json\/wp\/v2\/media?parent=1546"}],"wp:term":[{"taxonomy":"product_cat","embeddable":true,"href":"https:\/\/sasproductos.com\/inicio\/wp-json\/wp\/v2\/product_cat?post=1546"},{"taxonomy":"product_tag","embeddable":true,"href":"https:\/\/sasproductos.com\/inicio\/wp-json\/wp\/v2\/product_tag?post=1546"}],"curies":[{"name":"wp","href":"https:\/\/api.w.org\/{rel}","templated":true}]}}