{"id":1543,"date":"2024-03-20T00:05:40","date_gmt":"2024-03-20T00:05:40","guid":{"rendered":"https:\/\/sasproductos.com\/inicio\/?post_type=product&#038;p=1543"},"modified":"2024-03-20T00:06:11","modified_gmt":"2024-03-20T00:06:11","slug":"mango-22-37","status":"publish","type":"product","link":"https:\/\/sasproductos.com\/inicio\/producto\/mango-22-37\/","title":{"rendered":"Mango 22-37"},"content":{"rendered":"<p><span data-sheets-root=\"1\" data-sheets-value=\"{&quot;1&quot;:2,&quot;2&quot;:&quot;Este mango est\u00e1 fabricado con poli\u00e9ster de alta calidad y composita lo que se traduce que utilizan material de alta tecnolog\u00eda. Posee un mecanismo de cierre giratorio simple para ajustar la altura. Se ajusta de 6 a 12 pies. Tiene un acabado no poroso y super suave, incluso en condiciones de fr\u00edo. Impermeable al agua, grasa, gasolina, detergentes, desinfectantes y solventes. No se pudrir\u00e1, corroer\u00e1 ni se oxidar\u00e1. Compatible con esterilizaci\u00f3n gamma, \u00f3xido de etileno y autoclave: hasta 250 oF durante 30 minutos. Compatible con el porta mopa 22-38&quot;}\" data-sheets-userformat=\"{&quot;2&quot;:14593,&quot;3&quot;:{&quot;1&quot;:0,&quot;3&quot;:1},&quot;11&quot;:4,&quot;14&quot;:{&quot;1&quot;:2,&quot;2&quot;:12141},&quot;15&quot;:&quot;Arial&quot;,&quot;16&quot;:9}\">Este mango est\u00e1 fabricado con poli\u00e9ster de alta calidad y composita lo que se traduce que utilizan material de alta tecnolog\u00eda. Posee un mecanismo de cierre giratorio simple para ajustar la altura. Se ajusta de 6 a 12 pies. Tiene un acabado no poroso y super suave, incluso en condiciones de fr\u00edo. Impermeable al agua, grasa, gasolina, detergentes, desinfectantes y solventes. No se pudrir\u00e1, corroer\u00e1 ni se oxidar\u00e1. Compatible con esterilizaci\u00f3n gamma, \u00f3xido de etileno y autoclave: hasta 250 oF durante 30 minutos. Compatible con el porta mopa 22-38<\/span><\/p>\n","protected":false},"excerpt":{"rendered":"<p>Referencia: 22-37<\/p>\n<p>Colores disponibles: Blanco.<\/p>\n","protected":false},"featured_media":1587,"comment_status":"open","ping_status":"closed","template":"","meta":{"_et_pb_use_builder":"","_et_pb_old_content":"","_et_gb_content_width":""},"product_cat":[39],"product_tag":[],"class_list":{"0":"post-1543","1":"product","2":"type-product","3":"status-publish","4":"has-post-thumbnail","6":"product_cat-mangos-mopas","8":"first","9":"instock","10":"shipping-taxable","11":"product-type-simple"},"_links":{"self":[{"href":"https:\/\/sasproductos.com\/inicio\/wp-json\/wp\/v2\/product\/1543","targetHints":{"allow":["GET"]}}],"collection":[{"href":"https:\/\/sasproductos.com\/inicio\/wp-json\/wp\/v2\/product"}],"about":[{"href":"https:\/\/sasproductos.com\/inicio\/wp-json\/wp\/v2\/types\/product"}],"replies":[{"embeddable":true,"href":"https:\/\/sasproductos.com\/inicio\/wp-json\/wp\/v2\/comments?post=1543"}],"wp:featuredmedia":[{"embeddable":true,"href":"https:\/\/sasproductos.com\/inicio\/wp-json\/wp\/v2\/media\/1587"}],"wp:attachment":[{"href":"https:\/\/sasproductos.com\/inicio\/wp-json\/wp\/v2\/media?parent=1543"}],"wp:term":[{"taxonomy":"product_cat","embeddable":true,"href":"https:\/\/sasproductos.com\/inicio\/wp-json\/wp\/v2\/product_cat?post=1543"},{"taxonomy":"product_tag","embeddable":true,"href":"https:\/\/sasproductos.com\/inicio\/wp-json\/wp\/v2\/product_tag?post=1543"}],"curies":[{"name":"wp","href":"https:\/\/api.w.org\/{rel}","templated":true}]}}