{"id":1542,"date":"2024-03-20T00:05:40","date_gmt":"2024-03-20T00:05:40","guid":{"rendered":"https:\/\/sasproductos.com\/inicio\/?post_type=product&#038;p=1542"},"modified":"2024-03-20T00:06:10","modified_gmt":"2024-03-20T00:06:10","slug":"mango-6268b6","status":"publish","type":"product","link":"https:\/\/sasproductos.com\/inicio\/producto\/mango-6268b6\/","title":{"rendered":"Mango 6268B6"},"content":{"rendered":"<p><span data-sheets-root=\"1\" data-sheets-value=\"{&quot;1&quot;:2,&quot;2&quot;:&quot;Este mango es de aluminio y fibra de vidrio. Mide desde 99\u201d - 185.5\u201d. Este mango telesc\u00f3pico se regula con facilidad para conseguir la longitud deseada, convirti\u00e9ndo en una soluci\u00f3n ideal para el drenaje de los techos y paredes. Lleva como accesorio una botella. Presenta un dise\u00f1o ergon\u00f3mico y una empu\u00f1adura c\u00f3moda para mayor confort del usuario. Compatible con el jalador 7716 y la botella RP6946, para eliminar el goteo de agua que podr\u00eda contaminar los productos o causar corrosi\u00f3n en los equipos. Ofrece una opci\u00f3n m\u00e1s sofisticada y eficaz que los trapos o las esponjas. No usar con \u00e1cido o cloro.\\n&quot;}\" data-sheets-userformat=\"{&quot;2&quot;:14593,&quot;3&quot;:{&quot;1&quot;:0,&quot;3&quot;:1},&quot;11&quot;:4,&quot;14&quot;:{&quot;1&quot;:3,&quot;3&quot;:1},&quot;15&quot;:&quot;Calibri&quot;,&quot;16&quot;:9}\">Este mango es de aluminio y fibra de vidrio. Mide desde 99\u201d &#8211; 185.5\u201d. Este mango telesc\u00f3pico se regula con facilidad para conseguir la longitud deseada, convirti\u00e9ndo en una soluci\u00f3n ideal para el drenaje de los techos y paredes. Lleva como accesorio una botella. Presenta un dise\u00f1o ergon\u00f3mico y una empu\u00f1adura c\u00f3moda para mayor confort del usuario. Compatible con el jalador 7716 y la botella RP6946, para eliminar el goteo de agua que podr\u00eda contaminar los productos o causar corrosi\u00f3n en los equipos. Ofrece una opci\u00f3n m\u00e1s sofisticada y eficaz que los trapos o las esponjas. No usar con \u00e1cido o cloro.<\/p>\n<p><\/span><\/p>\n","protected":false},"excerpt":{"rendered":"<p>Referencia: 6268B6<\/p>\n","protected":false},"featured_media":1586,"comment_status":"open","ping_status":"closed","template":"","meta":{"_et_pb_use_builder":"","_et_pb_old_content":"","_et_gb_content_width":""},"product_cat":[28],"product_tag":[],"class_list":{"0":"post-1542","1":"product","2":"type-product","3":"status-publish","4":"has-post-thumbnail","6":"product_cat-mangos","8":"first","9":"instock","10":"shipping-taxable","11":"product-type-simple"},"_links":{"self":[{"href":"https:\/\/sasproductos.com\/inicio\/wp-json\/wp\/v2\/product\/1542","targetHints":{"allow":["GET"]}}],"collection":[{"href":"https:\/\/sasproductos.com\/inicio\/wp-json\/wp\/v2\/product"}],"about":[{"href":"https:\/\/sasproductos.com\/inicio\/wp-json\/wp\/v2\/types\/product"}],"replies":[{"embeddable":true,"href":"https:\/\/sasproductos.com\/inicio\/wp-json\/wp\/v2\/comments?post=1542"}],"wp:featuredmedia":[{"embeddable":true,"href":"https:\/\/sasproductos.com\/inicio\/wp-json\/wp\/v2\/media\/1586"}],"wp:attachment":[{"href":"https:\/\/sasproductos.com\/inicio\/wp-json\/wp\/v2\/media?parent=1542"}],"wp:term":[{"taxonomy":"product_cat","embeddable":true,"href":"https:\/\/sasproductos.com\/inicio\/wp-json\/wp\/v2\/product_cat?post=1542"},{"taxonomy":"product_tag","embeddable":true,"href":"https:\/\/sasproductos.com\/inicio\/wp-json\/wp\/v2\/product_tag?post=1542"}],"curies":[{"name":"wp","href":"https:\/\/api.w.org\/{rel}","templated":true}]}}