{"id":1497,"date":"2024-03-20T00:05:14","date_gmt":"2024-03-20T00:05:14","guid":{"rendered":"https:\/\/sasproductos.com\/inicio\/?post_type=product&#038;p=1497"},"modified":"2024-03-20T00:05:51","modified_gmt":"2024-03-20T00:05:51","slug":"pala-6984","status":"publish","type":"product","link":"https:\/\/sasproductos.com\/inicio\/producto\/pala-6984\/","title":{"rendered":"Pala 6984"},"content":{"rendered":"<p>Pala grande XL. Es de polipropileno. Las palas de REMCO son de una sola pieza resistentes, ligeras e higi\u00e9nicas. Moldeada a partir de polipropileno que cumple con las normas de la FDA, esta pala cuenta con un segundo agarre que se puede utilizar para colocar el pie. Lo que se traduce en m\u00e1s fuerza para mover materiales a granel y una parte integral de cualquier programa profesional de contenci\u00f3n de contaminaci\u00f3n cruzada, seguridad alimentaria o HACCP. Esta pala es popular para el procesamiento de carnes, l\u00e1cteos, mariscos y aves, as\u00ed como para la pesca comercial y mil y otras formas de aplicaci\u00f3n de manipulaci\u00f3n.<\/p>\n","protected":false},"excerpt":{"rendered":"<p>Referencia: 6984<\/p>\n<p>Colores disponibles: <img loading=\"lazy\" decoding=\"async\" class=\"wp-image-172 alignnone size-full\" src=\"https:\/\/sasproductos.com\/inicio\/wp-content\/uploads\/2023\/09\/sas-productos-verde.png\" alt=\"\" width=\"11\" height=\"11\" \/> <img loading=\"lazy\" decoding=\"async\" class=\"wp-image-173 alignnone size-full\" src=\"https:\/\/sasproductos.com\/inicio\/wp-content\/uploads\/2023\/09\/sas-productos-azul.png\" alt=\"\" width=\"11\" height=\"11\" \/> <img loading=\"lazy\" decoding=\"async\" class=\"wp-image-168 alignnone size-full\" src=\"https:\/\/sasproductos.com\/inicio\/wp-content\/uploads\/2023\/09\/sas-productos-rojo.png\" alt=\"\" width=\"11\" height=\"11\" \/> <img loading=\"lazy\" decoding=\"async\" class=\"wp-image-167 alignnone size-full\" src=\"https:\/\/sasproductos.com\/inicio\/wp-content\/uploads\/2023\/09\/sas-productos-blanco.png\" alt=\"\" width=\"11\" height=\"11\" \/> <img loading=\"lazy\" decoding=\"async\" class=\"wp-image-171 alignnone size-full\" src=\"https:\/\/sasproductos.com\/inicio\/wp-content\/uploads\/2023\/09\/sas-productos-amarillo.png\" alt=\"\" width=\"11\" height=\"11\" \/><\/p>\n","protected":false},"featured_media":1553,"comment_status":"open","ping_status":"closed","template":"","meta":{"_et_pb_use_builder":"","_et_pb_old_content":"","_et_gb_content_width":""},"product_cat":[32],"product_tag":[],"class_list":{"0":"post-1497","1":"product","2":"type-product","3":"status-publish","4":"has-post-thumbnail","6":"product_cat-palas-y-tenedores","8":"first","9":"instock","10":"shipping-taxable","11":"product-type-simple"},"_links":{"self":[{"href":"https:\/\/sasproductos.com\/inicio\/wp-json\/wp\/v2\/product\/1497","targetHints":{"allow":["GET"]}}],"collection":[{"href":"https:\/\/sasproductos.com\/inicio\/wp-json\/wp\/v2\/product"}],"about":[{"href":"https:\/\/sasproductos.com\/inicio\/wp-json\/wp\/v2\/types\/product"}],"replies":[{"embeddable":true,"href":"https:\/\/sasproductos.com\/inicio\/wp-json\/wp\/v2\/comments?post=1497"}],"wp:featuredmedia":[{"embeddable":true,"href":"https:\/\/sasproductos.com\/inicio\/wp-json\/wp\/v2\/media\/1553"}],"wp:attachment":[{"href":"https:\/\/sasproductos.com\/inicio\/wp-json\/wp\/v2\/media?parent=1497"}],"wp:term":[{"taxonomy":"product_cat","embeddable":true,"href":"https:\/\/sasproductos.com\/inicio\/wp-json\/wp\/v2\/product_cat?post=1497"},{"taxonomy":"product_tag","embeddable":true,"href":"https:\/\/sasproductos.com\/inicio\/wp-json\/wp\/v2\/product_tag?post=1497"}],"curies":[{"name":"wp","href":"https:\/\/api.w.org\/{rel}","templated":true}]}}