{"id":1491,"date":"2024-03-20T00:05:13","date_gmt":"2024-03-20T00:05:13","guid":{"rendered":"https:\/\/sasproductos.com\/inicio\/?post_type=product&#038;p=1491"},"modified":"2024-03-20T00:05:47","modified_gmt":"2024-03-20T00:05:47","slug":"cepillo-3652","status":"publish","type":"product","link":"https:\/\/sasproductos.com\/inicio\/producto\/cepillo-3652\/","title":{"rendered":"Cepillo 3652"},"content":{"rendered":"<p>Cepillos para matraces de 250 ml, 500 ml y 1,000 ml. El cepillo 3651 tiene un largo total de 12\u201d, el largo del cepillo es de 3 \u00bd\u201d, el di\u00e1metro del cepillo es de 1 \u215c\u201d. El cepillo 3652 tiene un largo total de 14\u201d, el largo del cepillo es de 4\u201d, el di\u00e1metro del cepillo es de 1 \u00bd\u201d. El cepillo 3653 tiene un largo total de 17\u201d, el largo del cepillo es de 5\u201d, el di\u00e1metro del cepillo es de 1 \u00be\u201d. Las fibras de poli\u00e9ster de alta calidad no se absorben como el nylon o las fibras naturales. No es abrasivo. Se enjuaga, se seca r\u00e1pidamente y no desprende olores. El alambre trenzado de acero inoxidable no se oxida ni corroe como el alambre galvanizado. Resistente al agua caliente, \u00e1cidos diluidos y fuertes, destilados de petr\u00f3leo, hidrocarburos arom\u00e1ticos benceno, acetonas y cetonas, \u00e9steres de acetato de etilo e hidrocarburos de tricloroetileno. Compatible con esterilizaci\u00f3n gamma, \u00f3xido de etileno y autoclave: hasta 205 F durante 30 minutos.<\/p>\n","protected":false},"excerpt":{"rendered":"<p>Referencia: 3652<\/p>\n<p>Colores disponibles: Blanco<\/p>\n","protected":false},"featured_media":1345,"comment_status":"open","ping_status":"closed","template":"","meta":{"_et_pb_use_builder":"","_et_pb_old_content":"","_et_gb_content_width":""},"product_cat":[34],"product_tag":[],"class_list":{"0":"post-1491","1":"product","2":"type-product","3":"status-publish","4":"has-post-thumbnail","6":"product_cat-cepillos-de-laboratorio","8":"first","9":"instock","10":"shipping-taxable","11":"product-type-simple"},"_links":{"self":[{"href":"https:\/\/sasproductos.com\/inicio\/wp-json\/wp\/v2\/product\/1491","targetHints":{"allow":["GET"]}}],"collection":[{"href":"https:\/\/sasproductos.com\/inicio\/wp-json\/wp\/v2\/product"}],"about":[{"href":"https:\/\/sasproductos.com\/inicio\/wp-json\/wp\/v2\/types\/product"}],"replies":[{"embeddable":true,"href":"https:\/\/sasproductos.com\/inicio\/wp-json\/wp\/v2\/comments?post=1491"}],"wp:featuredmedia":[{"embeddable":true,"href":"https:\/\/sasproductos.com\/inicio\/wp-json\/wp\/v2\/media\/1345"}],"wp:attachment":[{"href":"https:\/\/sasproductos.com\/inicio\/wp-json\/wp\/v2\/media?parent=1491"}],"wp:term":[{"taxonomy":"product_cat","embeddable":true,"href":"https:\/\/sasproductos.com\/inicio\/wp-json\/wp\/v2\/product_cat?post=1491"},{"taxonomy":"product_tag","embeddable":true,"href":"https:\/\/sasproductos.com\/inicio\/wp-json\/wp\/v2\/product_tag?post=1491"}],"curies":[{"name":"wp","href":"https:\/\/api.w.org\/{rel}","templated":true}]}}