{"id":1416,"date":"2024-03-20T00:04:17","date_gmt":"2024-03-20T00:04:17","guid":{"rendered":"https:\/\/sasproductos.com\/inicio\/?post_type=product&#038;p=1416"},"modified":"2024-03-20T00:04:56","modified_gmt":"2024-03-20T00:04:56","slug":"pediluvio-222-2-59","status":"publish","type":"product","link":"https:\/\/sasproductos.com\/inicio\/producto\/pediluvio-222-2-59\/","title":{"rendered":"Pediluvio 222-2-59"},"content":{"rendered":"<p>Los pediluvios desinfectantes para pies est\u00e1n dise\u00f1ados para mantener las \u00e1reas higi\u00e9nicas libres de residuos y g\u00e9rmenes. Si se pregunta qu\u00e9 puede hacer para ayudar a evitar que la suciedad y los g\u00e9rmenes entren a su lugar de trabajo, el pediluvio desinfectante para pies es la soluci\u00f3n. Colocadas en la entrada de \u00e1reas sensibles, son particularmente efectivas para la protecci\u00f3n en la producci\u00f3n de alimentos, cocinas industriales y comerciales, laboratorios. Simplemente llene el pediluvio con una soluci\u00f3n germicida y pase para descontaminar las suelas de los zapatos o botas. Los pediluvios ayudan a destruir virus, bacterias y microbios con facilidad. El pediluvio para pies de pared alta, incluye raspadores de goma flexibles de \u00bd\u201d en la superficie del tapete para desprender suciedad de zapatos y botas. Es fabricado en caucho natural compuesto resistente a la grasa. Tiene una capacidad de 5 galones.<\/p>\n","protected":false},"excerpt":{"rendered":"<p>Referencia: 222-2-59<\/p>\n","protected":false},"featured_media":1476,"comment_status":"open","ping_status":"closed","template":"","meta":{"_et_pb_use_builder":"","_et_pb_old_content":"","_et_gb_content_width":""},"product_cat":[42],"product_tag":[],"class_list":{"0":"post-1416","1":"product","2":"type-product","3":"status-publish","4":"has-post-thumbnail","6":"product_cat-alfombra-y-pediluvios","8":"first","9":"instock","10":"shipping-taxable","11":"product-type-simple"},"_links":{"self":[{"href":"https:\/\/sasproductos.com\/inicio\/wp-json\/wp\/v2\/product\/1416","targetHints":{"allow":["GET"]}}],"collection":[{"href":"https:\/\/sasproductos.com\/inicio\/wp-json\/wp\/v2\/product"}],"about":[{"href":"https:\/\/sasproductos.com\/inicio\/wp-json\/wp\/v2\/types\/product"}],"replies":[{"embeddable":true,"href":"https:\/\/sasproductos.com\/inicio\/wp-json\/wp\/v2\/comments?post=1416"}],"wp:featuredmedia":[{"embeddable":true,"href":"https:\/\/sasproductos.com\/inicio\/wp-json\/wp\/v2\/media\/1476"}],"wp:attachment":[{"href":"https:\/\/sasproductos.com\/inicio\/wp-json\/wp\/v2\/media?parent=1416"}],"wp:term":[{"taxonomy":"product_cat","embeddable":true,"href":"https:\/\/sasproductos.com\/inicio\/wp-json\/wp\/v2\/product_cat?post=1416"},{"taxonomy":"product_tag","embeddable":true,"href":"https:\/\/sasproductos.com\/inicio\/wp-json\/wp\/v2\/product_tag?post=1416"}],"curies":[{"name":"wp","href":"https:\/\/api.w.org\/{rel}","templated":true}]}}