{"id":1414,"date":"2024-03-20T00:04:17","date_gmt":"2024-03-20T00:04:17","guid":{"rendered":"https:\/\/sasproductos.com\/inicio\/?post_type=product&#038;p=1414"},"modified":"2024-05-03T17:51:31","modified_gmt":"2024-05-03T17:51:31","slug":"cubre-zapatos-desechables-con-elastico","status":"publish","type":"product","link":"https:\/\/sasproductos.com\/inicio\/producto\/cubre-zapatos-desechables-con-elastico\/","title":{"rendered":"Cubre Zapatos Desechables con el\u00e1stico"},"content":{"rendered":"<p>Bota desechable de polietileno con el\u00e1stico para sujeci\u00f3n.\u00a0 Es un auxiliar en la prevenci\u00f3n de acarrear polvo, suciedad, microorganismos hacia \u00e1reas de trabajo con mayor sensibilidad de limpieza.\u00a0 Con una altura de 16\u201d.\u00a0 Se recomienda para plantas de alimentos, procesadoras, limpieza industrial, granjas, rastros, etc.\u00a0 El el\u00e1stico se asegura de mantenerlos en su lugar. Todos los cubre zapatos\u00a0 vienen en pares.<\/p>\n<p>NOTA:\u00a0 Todo esto se trabaja bajo pedido.<\/p>\n","protected":false},"excerpt":{"rendered":"<p>Referencia: Cubre Zapatos Desechables con el\u00e1stico<\/p>\n","protected":false},"featured_media":2027,"comment_status":"open","ping_status":"closed","template":"","meta":{"_et_pb_use_builder":"","_et_pb_old_content":"","_et_gb_content_width":""},"product_cat":[41],"product_tag":[],"class_list":{"0":"post-1414","1":"product","2":"type-product","3":"status-publish","4":"has-post-thumbnail","6":"product_cat-ropagabachas-cubrebocas-guantes","8":"first","9":"instock","10":"shipping-taxable","11":"product-type-simple"},"_links":{"self":[{"href":"https:\/\/sasproductos.com\/inicio\/wp-json\/wp\/v2\/product\/1414","targetHints":{"allow":["GET"]}}],"collection":[{"href":"https:\/\/sasproductos.com\/inicio\/wp-json\/wp\/v2\/product"}],"about":[{"href":"https:\/\/sasproductos.com\/inicio\/wp-json\/wp\/v2\/types\/product"}],"replies":[{"embeddable":true,"href":"https:\/\/sasproductos.com\/inicio\/wp-json\/wp\/v2\/comments?post=1414"}],"wp:featuredmedia":[{"embeddable":true,"href":"https:\/\/sasproductos.com\/inicio\/wp-json\/wp\/v2\/media\/2027"}],"wp:attachment":[{"href":"https:\/\/sasproductos.com\/inicio\/wp-json\/wp\/v2\/media?parent=1414"}],"wp:term":[{"taxonomy":"product_cat","embeddable":true,"href":"https:\/\/sasproductos.com\/inicio\/wp-json\/wp\/v2\/product_cat?post=1414"},{"taxonomy":"product_tag","embeddable":true,"href":"https:\/\/sasproductos.com\/inicio\/wp-json\/wp\/v2\/product_tag?post=1414"}],"curies":[{"name":"wp","href":"https:\/\/api.w.org\/{rel}","templated":true}]}}