{"id":1406,"date":"2024-03-20T00:04:15","date_gmt":"2024-03-20T00:04:15","guid":{"rendered":"https:\/\/sasproductos.com\/inicio\/?post_type=product&#038;p=1406"},"modified":"2024-03-20T00:04:44","modified_gmt":"2024-03-20T00:04:44","slug":"mopa-lwbs13","status":"publish","type":"product","link":"https:\/\/sasproductos.com\/inicio\/producto\/mopa-lwbs13\/","title":{"rendered":"Mopa LWBS13\u201d"},"content":{"rendered":"<p>La mopa\u00a0 13\u201d posee una capa de microfibra para la retenci\u00f3n de l\u00edquidos, lo cual la hace ser m\u00e1s resistente a las bacterias. Excelente capacidad de lavado. Disponible s\u00f3lo en celeste. El velcro est\u00e1 hecho de polipropileno, lo que le da una alta calidad de sujeci\u00f3n. Se recomienda usar con los porta mopas con velcro.<\/p>\n","protected":false},"excerpt":{"rendered":"<p>Referencia: LWBS13\u201d<\/p>\n<p>Colores disponibles: Celeste 13&#8243;<\/p>\n","protected":false},"featured_media":1463,"comment_status":"open","ping_status":"closed","template":"","meta":{"_et_pb_use_builder":"","_et_pb_old_content":"","_et_gb_content_width":""},"product_cat":[40],"product_tag":[],"class_list":{"0":"post-1406","1":"product","2":"type-product","3":"status-publish","4":"has-post-thumbnail","6":"product_cat-mopas","8":"first","9":"instock","10":"shipping-taxable","11":"product-type-simple"},"_links":{"self":[{"href":"https:\/\/sasproductos.com\/inicio\/wp-json\/wp\/v2\/product\/1406","targetHints":{"allow":["GET"]}}],"collection":[{"href":"https:\/\/sasproductos.com\/inicio\/wp-json\/wp\/v2\/product"}],"about":[{"href":"https:\/\/sasproductos.com\/inicio\/wp-json\/wp\/v2\/types\/product"}],"replies":[{"embeddable":true,"href":"https:\/\/sasproductos.com\/inicio\/wp-json\/wp\/v2\/comments?post=1406"}],"wp:featuredmedia":[{"embeddable":true,"href":"https:\/\/sasproductos.com\/inicio\/wp-json\/wp\/v2\/media\/1463"}],"wp:attachment":[{"href":"https:\/\/sasproductos.com\/inicio\/wp-json\/wp\/v2\/media?parent=1406"}],"wp:term":[{"taxonomy":"product_cat","embeddable":true,"href":"https:\/\/sasproductos.com\/inicio\/wp-json\/wp\/v2\/product_cat?post=1406"},{"taxonomy":"product_tag","embeddable":true,"href":"https:\/\/sasproductos.com\/inicio\/wp-json\/wp\/v2\/product_tag?post=1406"}],"curies":[{"name":"wp","href":"https:\/\/api.w.org\/{rel}","templated":true}]}}