{"id":1378,"date":"2024-03-20T00:03:52","date_gmt":"2024-03-20T00:03:52","guid":{"rendered":"https:\/\/sasproductos.com\/inicio\/?post_type=product&#038;p=1378"},"modified":"2024-03-20T00:04:31","modified_gmt":"2024-03-20T00:04:31","slug":"mango-295218","status":"publish","type":"product","link":"https:\/\/sasproductos.com\/inicio\/producto\/mango-295218\/","title":{"rendered":"Mango 295218"},"content":{"rendered":"<p>Este mango est\u00e1 fabricado en aluminio anodizado y polipropileno. La serie de mangos de aluminio ergon\u00f3micos, son de dise\u00f1o ligero y empu\u00f1adura ergon\u00f3mica con aislamiento, ha sido desarrollada en colaboraci\u00f3n con terapeutas ocupacionales para asegurar el m\u00e1ximo confort en el trabajo, incluso en superficies verticales o en altura. Estos mangos de conexi\u00f3n r\u00e1pida, robustos y f\u00e1ciles de limpiar, son compatibles con todos los porta mopas Vikan. Compatible con todas los porta mopas VIKAN.<\/p>\n","protected":false},"excerpt":{"rendered":"<p>Referencia: 295218<\/p>\n","protected":false},"featured_media":1434,"comment_status":"open","ping_status":"closed","template":"","meta":{"_et_pb_use_builder":"","_et_pb_old_content":"","_et_gb_content_width":""},"product_cat":[39],"product_tag":[],"class_list":{"0":"post-1378","1":"product","2":"type-product","3":"status-publish","4":"has-post-thumbnail","6":"product_cat-mangos-mopas","8":"first","9":"instock","10":"shipping-taxable","11":"product-type-simple"},"_links":{"self":[{"href":"https:\/\/sasproductos.com\/inicio\/wp-json\/wp\/v2\/product\/1378","targetHints":{"allow":["GET"]}}],"collection":[{"href":"https:\/\/sasproductos.com\/inicio\/wp-json\/wp\/v2\/product"}],"about":[{"href":"https:\/\/sasproductos.com\/inicio\/wp-json\/wp\/v2\/types\/product"}],"replies":[{"embeddable":true,"href":"https:\/\/sasproductos.com\/inicio\/wp-json\/wp\/v2\/comments?post=1378"}],"wp:featuredmedia":[{"embeddable":true,"href":"https:\/\/sasproductos.com\/inicio\/wp-json\/wp\/v2\/media\/1434"}],"wp:attachment":[{"href":"https:\/\/sasproductos.com\/inicio\/wp-json\/wp\/v2\/media?parent=1378"}],"wp:term":[{"taxonomy":"product_cat","embeddable":true,"href":"https:\/\/sasproductos.com\/inicio\/wp-json\/wp\/v2\/product_cat?post=1378"},{"taxonomy":"product_tag","embeddable":true,"href":"https:\/\/sasproductos.com\/inicio\/wp-json\/wp\/v2\/product_tag?post=1378"}],"curies":[{"name":"wp","href":"https:\/\/api.w.org\/{rel}","templated":true}]}}