{"id":1376,"date":"2024-03-20T00:03:51","date_gmt":"2024-03-20T00:03:51","guid":{"rendered":"https:\/\/sasproductos.com\/inicio\/?post_type=product&#038;p=1376"},"modified":"2024-03-20T00:04:28","modified_gmt":"2024-03-20T00:04:28","slug":"porta-mopa-lfmo36","status":"publish","type":"product","link":"https:\/\/sasproductos.com\/inicio\/producto\/porta-mopa-lfmo36\/","title":{"rendered":"Porta Mopa LFMO36\u201d"},"content":{"rendered":"<p>Este porta mopa es de aluminio liviano y polipropileno. Mide 36\u201d. Los porta mopa son de perfil bajo lo que ayudar\u00e1 a limpiar debajo de obst\u00e1culos de menos de 2\u201d de altura.\u00a0 Estos porta mopas vienen con tapas de pl\u00e1stico moldeadas y redondeadas para reducir el impacto y los posibles da\u00f1os a los z\u00f3calos y otros objetos. Tienen un sistema de tiras de velcro estas vienen pegadas y remachadas con remaches industriales para evitar el desgaste prematuro y brindar una larga vida m\u00e1s \u00fatil a las tiras de velcro. Se puede utilizar con cualquier tipo de mopa de microfibra con velcro.\u00a0 Se puede utilizar para limpiar paredes, techos y pisos.<\/p>\n","protected":false},"excerpt":{"rendered":"<p>Referencia: LFMO36\u201d<\/p>\n<p>Colores disponibles: Gris con naranja<\/p>\n","protected":false},"featured_media":0,"comment_status":"open","ping_status":"closed","template":"","meta":{"_et_pb_use_builder":"","_et_pb_old_content":"","_et_gb_content_width":""},"product_cat":[38],"product_tag":[],"class_list":{"0":"post-1376","1":"product","2":"type-product","3":"status-publish","5":"product_cat-portamopas","7":"first","8":"instock","9":"shipping-taxable","10":"product-type-simple"},"_links":{"self":[{"href":"https:\/\/sasproductos.com\/inicio\/wp-json\/wp\/v2\/product\/1376","targetHints":{"allow":["GET"]}}],"collection":[{"href":"https:\/\/sasproductos.com\/inicio\/wp-json\/wp\/v2\/product"}],"about":[{"href":"https:\/\/sasproductos.com\/inicio\/wp-json\/wp\/v2\/types\/product"}],"replies":[{"embeddable":true,"href":"https:\/\/sasproductos.com\/inicio\/wp-json\/wp\/v2\/comments?post=1376"}],"wp:attachment":[{"href":"https:\/\/sasproductos.com\/inicio\/wp-json\/wp\/v2\/media?parent=1376"}],"wp:term":[{"taxonomy":"product_cat","embeddable":true,"href":"https:\/\/sasproductos.com\/inicio\/wp-json\/wp\/v2\/product_cat?post=1376"},{"taxonomy":"product_tag","embeddable":true,"href":"https:\/\/sasproductos.com\/inicio\/wp-json\/wp\/v2\/product_tag?post=1376"}],"curies":[{"name":"wp","href":"https:\/\/api.w.org\/{rel}","templated":true}]}}