{"id":1334,"date":"2024-03-20T00:03:28","date_gmt":"2024-03-20T00:03:28","guid":{"rendered":"https:\/\/sasproductos.com\/inicio\/?post_type=product&#038;p=1334"},"modified":"2024-03-20T00:04:03","modified_gmt":"2024-03-20T00:04:03","slug":"tina-6921","status":"publish","type":"product","link":"https:\/\/sasproductos.com\/inicio\/producto\/tina-6921\/","title":{"rendered":"Tina 6921"},"content":{"rendered":"<p>Tiene una capacidad de 800 lbs. El Aero-Tote es un contenedor muy popular y bien construido. Sus paredes de polietileno de alta densidad ofrecen protecci\u00f3n para todo tipo de productos alimenticios. El dise\u00f1o modular vers\u00e1til permite anidar, apilar y mover dentro de la planta de forma segura con un montacargas. Estas tinas cumplen con todas las especificaciones del FDA y se usan com\u00fanmente para aplicaciones de carne, mariscos, aves, pesca, harinas, granos, confiter\u00eda, mezclas, panader\u00eda y un sin fin de usos. La tina Aero-Tote se recomienda usar con tapadera 6922, ideal para manipular con montacargas cuando tiene la base 6923<\/p>\n","protected":false},"excerpt":{"rendered":"<p>Referencia: 6921<\/p>\n<p>Colores disponibles: Blanco<\/p>\n","protected":false},"featured_media":1398,"comment_status":"open","ping_status":"closed","template":"","meta":{"_et_pb_use_builder":"","_et_pb_old_content":"","_et_gb_content_width":""},"product_cat":[37],"product_tag":[],"class_list":{"0":"post-1334","1":"product","2":"type-product","3":"status-publish","4":"has-post-thumbnail","6":"product_cat-tinas","8":"first","9":"instock","10":"shipping-taxable","11":"product-type-simple"},"_links":{"self":[{"href":"https:\/\/sasproductos.com\/inicio\/wp-json\/wp\/v2\/product\/1334","targetHints":{"allow":["GET"]}}],"collection":[{"href":"https:\/\/sasproductos.com\/inicio\/wp-json\/wp\/v2\/product"}],"about":[{"href":"https:\/\/sasproductos.com\/inicio\/wp-json\/wp\/v2\/types\/product"}],"replies":[{"embeddable":true,"href":"https:\/\/sasproductos.com\/inicio\/wp-json\/wp\/v2\/comments?post=1334"}],"wp:featuredmedia":[{"embeddable":true,"href":"https:\/\/sasproductos.com\/inicio\/wp-json\/wp\/v2\/media\/1398"}],"wp:attachment":[{"href":"https:\/\/sasproductos.com\/inicio\/wp-json\/wp\/v2\/media?parent=1334"}],"wp:term":[{"taxonomy":"product_cat","embeddable":true,"href":"https:\/\/sasproductos.com\/inicio\/wp-json\/wp\/v2\/product_cat?post=1334"},{"taxonomy":"product_tag","embeddable":true,"href":"https:\/\/sasproductos.com\/inicio\/wp-json\/wp\/v2\/product_tag?post=1334"}],"curies":[{"name":"wp","href":"https:\/\/api.w.org\/{rel}","templated":true}]}}