{"id":1333,"date":"2024-03-20T00:03:27","date_gmt":"2024-03-20T00:03:27","guid":{"rendered":"https:\/\/sasproductos.com\/inicio\/?post_type=product&#038;p=1333"},"modified":"2024-03-20T00:04:02","modified_gmt":"2024-03-20T00:04:02","slug":"tina-6915","status":"publish","type":"product","link":"https:\/\/sasproductos.com\/inicio\/producto\/tina-6915\/","title":{"rendered":"Tina 6915"},"content":{"rendered":"<p>Tiene una capacidad de 560 lbs. La tina es fabricada en Polietileno de alta densidad, se ha modificado para incluirle un tap\u00f3n de drenaje y se puede utilizar para transportar, congelar y almacenar. Las tinas est\u00e1n disponibles como art\u00edculos independientes o con carritos de acero o hierro altos o bajos. Estas tinas cumplen con todas las especificaciones del FDA y se usan com\u00fanmente para aplicaciones de carne, mariscos, aves, pesca, harinas, granos, confiter\u00eda, mezclas, panader\u00eda y un sin fin de usos.<\/p>\n","protected":false},"excerpt":{"rendered":"<p>Referencia: 6915<\/p>\n<p>Colores disponibles: Blanco<\/p>\n","protected":false},"featured_media":1397,"comment_status":"open","ping_status":"closed","template":"","meta":{"_et_pb_use_builder":"","_et_pb_old_content":"","_et_gb_content_width":""},"product_cat":[37],"product_tag":[],"class_list":{"0":"post-1333","1":"product","2":"type-product","3":"status-publish","4":"has-post-thumbnail","6":"product_cat-tinas","8":"first","9":"instock","10":"shipping-taxable","11":"product-type-simple"},"_links":{"self":[{"href":"https:\/\/sasproductos.com\/inicio\/wp-json\/wp\/v2\/product\/1333","targetHints":{"allow":["GET"]}}],"collection":[{"href":"https:\/\/sasproductos.com\/inicio\/wp-json\/wp\/v2\/product"}],"about":[{"href":"https:\/\/sasproductos.com\/inicio\/wp-json\/wp\/v2\/types\/product"}],"replies":[{"embeddable":true,"href":"https:\/\/sasproductos.com\/inicio\/wp-json\/wp\/v2\/comments?post=1333"}],"wp:featuredmedia":[{"embeddable":true,"href":"https:\/\/sasproductos.com\/inicio\/wp-json\/wp\/v2\/media\/1397"}],"wp:attachment":[{"href":"https:\/\/sasproductos.com\/inicio\/wp-json\/wp\/v2\/media?parent=1333"}],"wp:term":[{"taxonomy":"product_cat","embeddable":true,"href":"https:\/\/sasproductos.com\/inicio\/wp-json\/wp\/v2\/product_cat?post=1333"},{"taxonomy":"product_tag","embeddable":true,"href":"https:\/\/sasproductos.com\/inicio\/wp-json\/wp\/v2\/product_tag?post=1333"}],"curies":[{"name":"wp","href":"https:\/\/api.w.org\/{rel}","templated":true}]}}