{"id":1328,"date":"2024-03-20T00:03:27","date_gmt":"2024-03-20T00:03:27","guid":{"rendered":"https:\/\/sasproductos.com\/inicio\/?post_type=product&#038;p=1328"},"modified":"2024-03-20T00:03:57","modified_gmt":"2024-03-20T00:03:57","slug":"tina-6905","status":"publish","type":"product","link":"https:\/\/sasproductos.com\/inicio\/producto\/tina-6905\/","title":{"rendered":"Tina 6905"},"content":{"rendered":"<p>Tiene una capacidad de 1,000 lbs. La tina es fabricada en Polietileno de alta densidad, se puede utilizar para transportar, congelar y almacenar. Este modelo tiene un borde en \u00e1ngulo que permite inclinar y vaciar la unidad f\u00e1cilmente y se ha modificado para incluir un tap\u00f3n de drenaje. Las tinas est\u00e1n disponibles como art\u00edculos independientes o con carritos de acero o hierro altos o bajos. Estas tinas cumplen con todas las especificaciones del FDA y se usan com\u00fanmente para aplicaciones de carne, mariscos, aves, pesca, harinas, granos, confiter\u00eda, mezclas, panader\u00eda y un sin fin de usos.<\/p>\n","protected":false},"excerpt":{"rendered":"<p>Referencia: 6905<\/p>\n<p>Colores disponibles: Blanco<\/p>\n","protected":false},"featured_media":1389,"comment_status":"open","ping_status":"closed","template":"","meta":{"_et_pb_use_builder":"","_et_pb_old_content":"","_et_gb_content_width":""},"product_cat":[37],"product_tag":[],"class_list":{"0":"post-1328","1":"product","2":"type-product","3":"status-publish","4":"has-post-thumbnail","6":"product_cat-tinas","8":"first","9":"instock","10":"shipping-taxable","11":"product-type-simple"},"_links":{"self":[{"href":"https:\/\/sasproductos.com\/inicio\/wp-json\/wp\/v2\/product\/1328","targetHints":{"allow":["GET"]}}],"collection":[{"href":"https:\/\/sasproductos.com\/inicio\/wp-json\/wp\/v2\/product"}],"about":[{"href":"https:\/\/sasproductos.com\/inicio\/wp-json\/wp\/v2\/types\/product"}],"replies":[{"embeddable":true,"href":"https:\/\/sasproductos.com\/inicio\/wp-json\/wp\/v2\/comments?post=1328"}],"wp:featuredmedia":[{"embeddable":true,"href":"https:\/\/sasproductos.com\/inicio\/wp-json\/wp\/v2\/media\/1389"}],"wp:attachment":[{"href":"https:\/\/sasproductos.com\/inicio\/wp-json\/wp\/v2\/media?parent=1328"}],"wp:term":[{"taxonomy":"product_cat","embeddable":true,"href":"https:\/\/sasproductos.com\/inicio\/wp-json\/wp\/v2\/product_cat?post=1328"},{"taxonomy":"product_tag","embeddable":true,"href":"https:\/\/sasproductos.com\/inicio\/wp-json\/wp\/v2\/product_tag?post=1328"}],"curies":[{"name":"wp","href":"https:\/\/api.w.org\/{rel}","templated":true}]}}