{"id":1327,"date":"2024-03-20T00:03:27","date_gmt":"2024-03-20T00:03:27","guid":{"rendered":"https:\/\/sasproductos.com\/inicio\/?post_type=product&#038;p=1327"},"modified":"2024-03-20T00:03:56","modified_gmt":"2024-03-20T00:03:56","slug":"carrito-6904","status":"publish","type":"product","link":"https:\/\/sasproductos.com\/inicio\/producto\/carrito-6904\/","title":{"rendered":"Carrito 6904"},"content":{"rendered":"<p>Este tren de rodaje bajo\u00a0 de acero galvanizado cuenta con ruedas giratorias que son impermeables a la grasa de la carne y cojinetes equipados engrasados. Este modelo es ideal para gran movilidad pero no se requiera inclinar o vaciar la tina. Este accesorio de tina se usa com\u00fanmente para aplicaciones de carne, mariscos, aves, pesca comercial, confiter\u00eda, panader\u00eda y granos. Hay ruedas de repuesto y cojinetes.\u00a0 Para utilizar con las tinas 6901 y 6905.<\/p>\n","protected":false},"excerpt":{"rendered":"<p>6904<\/p>\n<p>Hierro Galvanizado<\/p>\n","protected":false},"featured_media":1386,"comment_status":"open","ping_status":"closed","template":"","meta":{"_et_pb_use_builder":"","_et_pb_old_content":"","_et_gb_content_width":""},"product_cat":[37],"product_tag":[],"class_list":{"0":"post-1327","1":"product","2":"type-product","3":"status-publish","4":"has-post-thumbnail","6":"product_cat-tinas","8":"first","9":"instock","10":"shipping-taxable","11":"product-type-simple"},"_links":{"self":[{"href":"https:\/\/sasproductos.com\/inicio\/wp-json\/wp\/v2\/product\/1327","targetHints":{"allow":["GET"]}}],"collection":[{"href":"https:\/\/sasproductos.com\/inicio\/wp-json\/wp\/v2\/product"}],"about":[{"href":"https:\/\/sasproductos.com\/inicio\/wp-json\/wp\/v2\/types\/product"}],"replies":[{"embeddable":true,"href":"https:\/\/sasproductos.com\/inicio\/wp-json\/wp\/v2\/comments?post=1327"}],"wp:featuredmedia":[{"embeddable":true,"href":"https:\/\/sasproductos.com\/inicio\/wp-json\/wp\/v2\/media\/1386"}],"wp:attachment":[{"href":"https:\/\/sasproductos.com\/inicio\/wp-json\/wp\/v2\/media?parent=1327"}],"wp:term":[{"taxonomy":"product_cat","embeddable":true,"href":"https:\/\/sasproductos.com\/inicio\/wp-json\/wp\/v2\/product_cat?post=1327"},{"taxonomy":"product_tag","embeddable":true,"href":"https:\/\/sasproductos.com\/inicio\/wp-json\/wp\/v2\/product_tag?post=1327"}],"curies":[{"name":"wp","href":"https:\/\/api.w.org\/{rel}","templated":true}]}}