{"id":1324,"date":"2024-03-20T00:03:26","date_gmt":"2024-03-20T00:03:26","guid":{"rendered":"https:\/\/sasproductos.com\/inicio\/?post_type=product&#038;p=1324"},"modified":"2024-03-20T00:03:53","modified_gmt":"2024-03-20T00:03:53","slug":"tina-6901","status":"publish","type":"product","link":"https:\/\/sasproductos.com\/inicio\/producto\/tina-6901\/","title":{"rendered":"Tina 6901"},"content":{"rendered":"<p>Tiene una capacidad de 1,000 lbs. La tina es fabricada en Polietileno de alta densidad, se puede utilizar para transportar, congelar y almacenar. Este modelo tiene un borde en \u00e1ngulo que permite inclinar y vaciar la unidad f\u00e1cilmente. Las tinas est\u00e1n disponibles como art\u00edculos independientes o con carritos de acero o hierro altos o bajos. Estas tinas cumplen con todas las especificaciones del FDA y se usan com\u00fanmente para aplicaciones de carne, mariscos, aves, pesca, harinas, granos, confiter\u00eda, mezclas, panader\u00eda y un sin fin de usos.<\/p>\n","protected":false},"excerpt":{"rendered":"<p>Referencia: 6901<\/p>\n<p>Colores disponibles: Blanco<\/p>\n","protected":false},"featured_media":1382,"comment_status":"open","ping_status":"closed","template":"","meta":{"_et_pb_use_builder":"","_et_pb_old_content":"","_et_gb_content_width":""},"product_cat":[37],"product_tag":[],"class_list":{"0":"post-1324","1":"product","2":"type-product","3":"status-publish","4":"has-post-thumbnail","6":"product_cat-tinas","8":"first","9":"instock","10":"shipping-taxable","11":"product-type-simple"},"_links":{"self":[{"href":"https:\/\/sasproductos.com\/inicio\/wp-json\/wp\/v2\/product\/1324","targetHints":{"allow":["GET"]}}],"collection":[{"href":"https:\/\/sasproductos.com\/inicio\/wp-json\/wp\/v2\/product"}],"about":[{"href":"https:\/\/sasproductos.com\/inicio\/wp-json\/wp\/v2\/types\/product"}],"replies":[{"embeddable":true,"href":"https:\/\/sasproductos.com\/inicio\/wp-json\/wp\/v2\/comments?post=1324"}],"wp:featuredmedia":[{"embeddable":true,"href":"https:\/\/sasproductos.com\/inicio\/wp-json\/wp\/v2\/media\/1382"}],"wp:attachment":[{"href":"https:\/\/sasproductos.com\/inicio\/wp-json\/wp\/v2\/media?parent=1324"}],"wp:term":[{"taxonomy":"product_cat","embeddable":true,"href":"https:\/\/sasproductos.com\/inicio\/wp-json\/wp\/v2\/product_cat?post=1324"},{"taxonomy":"product_tag","embeddable":true,"href":"https:\/\/sasproductos.com\/inicio\/wp-json\/wp\/v2\/product_tag?post=1324"}],"curies":[{"name":"wp","href":"https:\/\/api.w.org\/{rel}","templated":true}]}}