{"id":1272,"date":"2024-03-20T00:03:02","date_gmt":"2024-03-20T00:03:02","guid":{"rendered":"https:\/\/sasproductos.com\/inicio\/?post_type=product&#038;p=1272"},"modified":"2024-03-20T00:03:31","modified_gmt":"2024-03-20T00:03:31","slug":"cepillo-3624","status":"publish","type":"product","link":"https:\/\/sasproductos.com\/inicio\/producto\/cepillo-3624\/","title":{"rendered":"Cepillo 3624"},"content":{"rendered":"<p>Cepillo largo con terminaci\u00f3n de abanico. Este cepillo tiene un largo total\u00a0 de 12\u201d x\u00a0 3\u201d largo del cepillo y ancho \u00bd\u201d o\/a &#8211; 3624. Las fibras de poli\u00e9ster de alta calidad no se absorben como el nylon o las fibras naturales. No es abrasivo. Se enjuaga, se seca r\u00e1pidamente y no desprende olores. El alambre trenzado de acero inoxidable no se oxida ni corroe como el alambre galvanizado. Resistente al agua caliente, \u00e1cidos diluidos y fuertes, destilados de petr\u00f3leo, hidrocarburos arom\u00e1ticos benceno, acetonas y cetonas, \u00e9steres de acetato de etilo e hidrocarburos de tricloroetileno. Compatible con esterilizaci\u00f3n gamma, \u00f3xido de etileno y autoclave: hasta 205 F durante 30 minutos.<\/p>\n","protected":false},"excerpt":{"rendered":"<p>Referencia: 3624<\/p>\n<p>Colores disponibles: Blanco<\/p>\n","protected":false},"featured_media":1338,"comment_status":"open","ping_status":"closed","template":"","meta":{"_et_pb_use_builder":"","_et_pb_old_content":"","_et_gb_content_width":""},"product_cat":[34],"product_tag":[],"class_list":{"0":"post-1272","1":"product","2":"type-product","3":"status-publish","4":"has-post-thumbnail","6":"product_cat-cepillos-de-laboratorio","8":"first","9":"instock","10":"shipping-taxable","11":"product-type-simple"},"_links":{"self":[{"href":"https:\/\/sasproductos.com\/inicio\/wp-json\/wp\/v2\/product\/1272","targetHints":{"allow":["GET"]}}],"collection":[{"href":"https:\/\/sasproductos.com\/inicio\/wp-json\/wp\/v2\/product"}],"about":[{"href":"https:\/\/sasproductos.com\/inicio\/wp-json\/wp\/v2\/types\/product"}],"replies":[{"embeddable":true,"href":"https:\/\/sasproductos.com\/inicio\/wp-json\/wp\/v2\/comments?post=1272"}],"wp:featuredmedia":[{"embeddable":true,"href":"https:\/\/sasproductos.com\/inicio\/wp-json\/wp\/v2\/media\/1338"}],"wp:attachment":[{"href":"https:\/\/sasproductos.com\/inicio\/wp-json\/wp\/v2\/media?parent=1272"}],"wp:term":[{"taxonomy":"product_cat","embeddable":true,"href":"https:\/\/sasproductos.com\/inicio\/wp-json\/wp\/v2\/product_cat?post=1272"},{"taxonomy":"product_tag","embeddable":true,"href":"https:\/\/sasproductos.com\/inicio\/wp-json\/wp\/v2\/product_tag?post=1272"}],"curies":[{"name":"wp","href":"https:\/\/api.w.org\/{rel}","templated":true}]}}