{"id":1270,"date":"2024-03-20T00:03:02","date_gmt":"2024-03-20T00:03:02","guid":{"rendered":"https:\/\/sasproductos.com\/inicio\/?post_type=product&#038;p=1270"},"modified":"2024-03-20T00:03:29","modified_gmt":"2024-03-20T00:03:29","slug":"cepillo-3600","status":"publish","type":"product","link":"https:\/\/sasproductos.com\/inicio\/producto\/cepillo-3600\/","title":{"rendered":"Cepillo 3600"},"content":{"rendered":"<p>Cepillo de tuber\u00eda. Micro: 7\u201d o\/a &#8211; #3600. Peque\u00f1o: 8\u201d o\/a &#8211; #3601. Mediano: 9\u201d o\/a &#8211; #3602. Grande:\u00a0 11 \u00bd \u201c o\/a &#8211; #3603. Las fibras de poli\u00e9ster de alta calidad no se absorben como el nylon o las fibras naturales. No es abrasivo. Se enjuaga, se seca r\u00e1pidamente y no desprende olores. El alambre trenzado de acero inoxidable no se oxida ni corroe como el alambre galvanizado. Resistente al agua caliente, \u00e1cidos diluidos y fuertes, destilados de petr\u00f3leo, hidrocarburos arom\u00e1ticos benceno, acetonas y cetonas, \u00e9steres de acetato de etilo e hidrocarburos de tricloroetileno. Compatible con esterilizaci\u00f3n gamma, \u00f3xido de etileno y autoclave: hasta 205 F durante 30 minutos.<\/p>\n","protected":false},"excerpt":{"rendered":"<p>Referencia: 3600<\/p>\n<p>Colores disponibles: Blanco<\/p>\n","protected":false},"featured_media":1336,"comment_status":"open","ping_status":"closed","template":"","meta":{"_et_pb_use_builder":"","_et_pb_old_content":"","_et_gb_content_width":""},"product_cat":[34],"product_tag":[],"class_list":{"0":"post-1270","1":"product","2":"type-product","3":"status-publish","4":"has-post-thumbnail","6":"product_cat-cepillos-de-laboratorio","8":"first","9":"instock","10":"shipping-taxable","11":"product-type-simple"},"_links":{"self":[{"href":"https:\/\/sasproductos.com\/inicio\/wp-json\/wp\/v2\/product\/1270","targetHints":{"allow":["GET"]}}],"collection":[{"href":"https:\/\/sasproductos.com\/inicio\/wp-json\/wp\/v2\/product"}],"about":[{"href":"https:\/\/sasproductos.com\/inicio\/wp-json\/wp\/v2\/types\/product"}],"replies":[{"embeddable":true,"href":"https:\/\/sasproductos.com\/inicio\/wp-json\/wp\/v2\/comments?post=1270"}],"wp:featuredmedia":[{"embeddable":true,"href":"https:\/\/sasproductos.com\/inicio\/wp-json\/wp\/v2\/media\/1336"}],"wp:attachment":[{"href":"https:\/\/sasproductos.com\/inicio\/wp-json\/wp\/v2\/media?parent=1270"}],"wp:term":[{"taxonomy":"product_cat","embeddable":true,"href":"https:\/\/sasproductos.com\/inicio\/wp-json\/wp\/v2\/product_cat?post=1270"},{"taxonomy":"product_tag","embeddable":true,"href":"https:\/\/sasproductos.com\/inicio\/wp-json\/wp\/v2\/product_tag?post=1270"}],"curies":[{"name":"wp","href":"https:\/\/api.w.org\/{rel}","templated":true}]}}