{"id":1221,"date":"2024-03-20T00:02:39","date_gmt":"2024-03-20T00:02:39","guid":{"rendered":"https:\/\/sasproductos.com\/inicio\/?post_type=product&#038;p=1221"},"modified":"2024-03-20T00:03:16","modified_gmt":"2024-03-20T00:03:16","slug":"tenedor-56905","status":"publish","type":"product","link":"https:\/\/sasproductos.com\/inicio\/producto\/tenedor-56905\/","title":{"rendered":"Tenedor 56905"},"content":{"rendered":"<p>Es de polipropileno y aluminio. Use este tenedor higi\u00e9nico para descargar productos frescos de grandes contenedores durante operaciones de cosecha. Presenta un mango reforzado con un tubo interior de aluminio y dise\u00f1o ergon\u00f3mico para evitar los dolores de espalda. La uni\u00f3n de cuello reforzado favorece un uso de alto desempe\u00f1o.<\/p>\n","protected":false},"excerpt":{"rendered":"<p>Referencia: 56905<\/p>\n<p>Colores disponibles: Blanco<\/p>\n","protected":false},"featured_media":1305,"comment_status":"open","ping_status":"closed","template":"","meta":{"_et_pb_use_builder":"","_et_pb_old_content":"","_et_gb_content_width":""},"product_cat":[32],"product_tag":[],"class_list":{"0":"post-1221","1":"product","2":"type-product","3":"status-publish","4":"has-post-thumbnail","6":"product_cat-palas-y-tenedores","8":"first","9":"instock","10":"shipping-taxable","11":"product-type-simple"},"_links":{"self":[{"href":"https:\/\/sasproductos.com\/inicio\/wp-json\/wp\/v2\/product\/1221","targetHints":{"allow":["GET"]}}],"collection":[{"href":"https:\/\/sasproductos.com\/inicio\/wp-json\/wp\/v2\/product"}],"about":[{"href":"https:\/\/sasproductos.com\/inicio\/wp-json\/wp\/v2\/types\/product"}],"replies":[{"embeddable":true,"href":"https:\/\/sasproductos.com\/inicio\/wp-json\/wp\/v2\/comments?post=1221"}],"wp:featuredmedia":[{"embeddable":true,"href":"https:\/\/sasproductos.com\/inicio\/wp-json\/wp\/v2\/media\/1305"}],"wp:attachment":[{"href":"https:\/\/sasproductos.com\/inicio\/wp-json\/wp\/v2\/media?parent=1221"}],"wp:term":[{"taxonomy":"product_cat","embeddable":true,"href":"https:\/\/sasproductos.com\/inicio\/wp-json\/wp\/v2\/product_cat?post=1221"},{"taxonomy":"product_tag","embeddable":true,"href":"https:\/\/sasproductos.com\/inicio\/wp-json\/wp\/v2\/product_tag?post=1221"}],"curies":[{"name":"wp","href":"https:\/\/api.w.org\/{rel}","templated":true}]}}