{"id":1217,"date":"2024-03-20T00:02:39","date_gmt":"2024-03-20T00:02:39","guid":{"rendered":"https:\/\/sasproductos.com\/inicio\/?post_type=product&#038;p=1217"},"modified":"2024-03-20T00:03:09","modified_gmt":"2024-03-20T00:03:09","slug":"pala-56035","status":"publish","type":"product","link":"https:\/\/sasproductos.com\/inicio\/producto\/pala-56035\/","title":{"rendered":"Pala 56035"},"content":{"rendered":"<p>Pala ergon\u00f3mica con orificios. Es de\u00a0 polipropileno. Adecuada para todo tipo de sectores, esta pala ergon\u00f3mica con orificios de drenaje permite un drenaje r\u00e1pido del agua y otros l\u00edquidos procedentes de productos alimentarios, procesos, etc.<\/p>\n","protected":false},"excerpt":{"rendered":"<p>Referencia: 56035<\/p>\n<p>Colores disponibles: Blanco<\/p>\n","protected":false},"featured_media":1294,"comment_status":"open","ping_status":"closed","template":"","meta":{"_et_pb_use_builder":"","_et_pb_old_content":"","_et_gb_content_width":""},"product_cat":[32],"product_tag":[],"class_list":{"0":"post-1217","1":"product","2":"type-product","3":"status-publish","4":"has-post-thumbnail","6":"product_cat-palas-y-tenedores","8":"first","9":"instock","10":"shipping-taxable","11":"product-type-simple"},"_links":{"self":[{"href":"https:\/\/sasproductos.com\/inicio\/wp-json\/wp\/v2\/product\/1217","targetHints":{"allow":["GET"]}}],"collection":[{"href":"https:\/\/sasproductos.com\/inicio\/wp-json\/wp\/v2\/product"}],"about":[{"href":"https:\/\/sasproductos.com\/inicio\/wp-json\/wp\/v2\/types\/product"}],"replies":[{"embeddable":true,"href":"https:\/\/sasproductos.com\/inicio\/wp-json\/wp\/v2\/comments?post=1217"}],"wp:featuredmedia":[{"embeddable":true,"href":"https:\/\/sasproductos.com\/inicio\/wp-json\/wp\/v2\/media\/1294"}],"wp:attachment":[{"href":"https:\/\/sasproductos.com\/inicio\/wp-json\/wp\/v2\/media?parent=1217"}],"wp:term":[{"taxonomy":"product_cat","embeddable":true,"href":"https:\/\/sasproductos.com\/inicio\/wp-json\/wp\/v2\/product_cat?post=1217"},{"taxonomy":"product_tag","embeddable":true,"href":"https:\/\/sasproductos.com\/inicio\/wp-json\/wp\/v2\/product_tag?post=1217"}],"curies":[{"name":"wp","href":"https:\/\/api.w.org\/{rel}","templated":true}]}}