{"id":1162,"date":"2024-03-20T00:02:14","date_gmt":"2024-03-20T00:02:14","guid":{"rendered":"https:\/\/sasproductos.com\/inicio\/?post_type=product&#038;p=1162"},"modified":"2024-03-20T00:02:48","modified_gmt":"2024-03-20T00:02:48","slug":"esponja-cafe-5523","status":"publish","type":"product","link":"https:\/\/sasproductos.com\/inicio\/producto\/esponja-cafe-5523\/","title":{"rendered":"Esponja Caf\u00e9 5523"},"content":{"rendered":"<p>Esponja caf\u00e9 de poli\u00e9ster. Elimine las marcas de paredes y pisos con esta esponja dura abrasiva. No son aprobadas FDA.<\/p>\n","protected":false},"excerpt":{"rendered":"<p>Referencia: 5523<\/p>\n<p>Colores disponibles: Caf\u00e9<\/p>\n","protected":false},"featured_media":1241,"comment_status":"open","ping_status":"closed","template":"","meta":{"_et_pb_use_builder":"","_et_pb_old_content":"","_et_gb_content_width":""},"product_cat":[29],"product_tag":[],"class_list":{"0":"post-1162","1":"product","2":"type-product","3":"status-publish","4":"has-post-thumbnail","6":"product_cat-portaesponjas","8":"first","9":"instock","10":"shipping-taxable","11":"product-type-simple"},"_links":{"self":[{"href":"https:\/\/sasproductos.com\/inicio\/wp-json\/wp\/v2\/product\/1162","targetHints":{"allow":["GET"]}}],"collection":[{"href":"https:\/\/sasproductos.com\/inicio\/wp-json\/wp\/v2\/product"}],"about":[{"href":"https:\/\/sasproductos.com\/inicio\/wp-json\/wp\/v2\/types\/product"}],"replies":[{"embeddable":true,"href":"https:\/\/sasproductos.com\/inicio\/wp-json\/wp\/v2\/comments?post=1162"}],"wp:featuredmedia":[{"embeddable":true,"href":"https:\/\/sasproductos.com\/inicio\/wp-json\/wp\/v2\/media\/1241"}],"wp:attachment":[{"href":"https:\/\/sasproductos.com\/inicio\/wp-json\/wp\/v2\/media?parent=1162"}],"wp:term":[{"taxonomy":"product_cat","embeddable":true,"href":"https:\/\/sasproductos.com\/inicio\/wp-json\/wp\/v2\/product_cat?post=1162"},{"taxonomy":"product_tag","embeddable":true,"href":"https:\/\/sasproductos.com\/inicio\/wp-json\/wp\/v2\/product_tag?post=1162"}],"curies":[{"name":"wp","href":"https:\/\/api.w.org\/{rel}","templated":true}]}}