{"id":1124,"date":"2024-03-20T00:01:52","date_gmt":"2024-03-20T00:01:52","guid":{"rendered":"https:\/\/sasproductos.com\/inicio\/?post_type=product&#038;p=1124"},"modified":"2024-03-20T00:02:41","modified_gmt":"2024-03-20T00:02:41","slug":"mango-2991q","status":"publish","type":"product","link":"https:\/\/sasproductos.com\/inicio\/producto\/mango-2991q\/","title":{"rendered":"Mango 2991Q"},"content":{"rendered":"<p>Este mango es de polipropileno y aluminio.\u00a0 Mide 61.5\u201d. Con paso de agua, y acoplamiento de liberaci\u00f3n r\u00e1pida con empu\u00f1adura c\u00f3moda, este mango presenta un dise\u00f1o ergon\u00f3mico para mejorar la postura de trabajo del usuario. Compatible con todos los productos con paso de agua de la gama Vikan, incluido el jalador para condensado (7716x). Presi\u00f3n m\u00e1xima: 6 bar. Temperatura m\u00e1xima del agua: 50 \u00b0C. No usar con \u00e1cido o cloro.<\/p>\n","protected":false},"excerpt":{"rendered":"<p>Referencia: 2991Q<\/p>\n<p>Colores disponibles: Blanco<\/p>\n","protected":false},"featured_media":1227,"comment_status":"open","ping_status":"closed","template":"","meta":{"_et_pb_use_builder":"","_et_pb_old_content":"","_et_gb_content_width":""},"product_cat":[28],"product_tag":[],"class_list":{"0":"post-1124","1":"product","2":"type-product","3":"status-publish","4":"has-post-thumbnail","6":"product_cat-mangos","8":"first","9":"instock","10":"shipping-taxable","11":"product-type-simple"},"_links":{"self":[{"href":"https:\/\/sasproductos.com\/inicio\/wp-json\/wp\/v2\/product\/1124","targetHints":{"allow":["GET"]}}],"collection":[{"href":"https:\/\/sasproductos.com\/inicio\/wp-json\/wp\/v2\/product"}],"about":[{"href":"https:\/\/sasproductos.com\/inicio\/wp-json\/wp\/v2\/types\/product"}],"replies":[{"embeddable":true,"href":"https:\/\/sasproductos.com\/inicio\/wp-json\/wp\/v2\/comments?post=1124"}],"wp:featuredmedia":[{"embeddable":true,"href":"https:\/\/sasproductos.com\/inicio\/wp-json\/wp\/v2\/media\/1227"}],"wp:attachment":[{"href":"https:\/\/sasproductos.com\/inicio\/wp-json\/wp\/v2\/media?parent=1124"}],"wp:term":[{"taxonomy":"product_cat","embeddable":true,"href":"https:\/\/sasproductos.com\/inicio\/wp-json\/wp\/v2\/product_cat?post=1124"},{"taxonomy":"product_tag","embeddable":true,"href":"https:\/\/sasproductos.com\/inicio\/wp-json\/wp\/v2\/product_tag?post=1124"}],"curies":[{"name":"wp","href":"https:\/\/api.w.org\/{rel}","templated":true}]}}