{"id":1123,"date":"2024-03-20T00:01:52","date_gmt":"2024-03-20T00:01:52","guid":{"rendered":"https:\/\/sasproductos.com\/inicio\/?post_type=product&#038;p=1123"},"modified":"2024-03-20T00:02:35","modified_gmt":"2024-03-20T00:02:35","slug":"mango-2973q","status":"publish","type":"product","link":"https:\/\/sasproductos.com\/inicio\/producto\/mango-2973q\/","title":{"rendered":"Mango 2973Q"},"content":{"rendered":"<p>Este mango es de polipropileno y aluminio. Mide 63\u201d &#8211; 114\u201d. Con un dise\u00f1o ergon\u00f3mico para mejorar la postura de trabajo del usuario, este mango telesc\u00f3pico con paso de agua\u00a0 tiene empu\u00f1adura c\u00f3moda, y es f\u00e1cil de ajustar a la longitud necesaria. Compatible con todos los productos con paso de agua de la gama Vikan, incluido el jalador para condensado (7716x). Presi\u00f3n m\u00e1xima: 6 bar. Temperatura m\u00e1xima del agua: 50 \u00b0C. No usar con \u00e1cido o cloro.<\/p>\n","protected":false},"excerpt":{"rendered":"<p>Referencia: 2973Q<\/p>\n<p>Colores disponibles: Blanco<\/p>\n","protected":false},"featured_media":1210,"comment_status":"open","ping_status":"closed","template":"","meta":{"_et_pb_use_builder":"","_et_pb_old_content":"","_et_gb_content_width":""},"product_cat":[28],"product_tag":[],"class_list":{"0":"post-1123","1":"product","2":"type-product","3":"status-publish","4":"has-post-thumbnail","6":"product_cat-mangos","8":"first","9":"instock","10":"shipping-taxable","11":"product-type-simple"},"_links":{"self":[{"href":"https:\/\/sasproductos.com\/inicio\/wp-json\/wp\/v2\/product\/1123","targetHints":{"allow":["GET"]}}],"collection":[{"href":"https:\/\/sasproductos.com\/inicio\/wp-json\/wp\/v2\/product"}],"about":[{"href":"https:\/\/sasproductos.com\/inicio\/wp-json\/wp\/v2\/types\/product"}],"replies":[{"embeddable":true,"href":"https:\/\/sasproductos.com\/inicio\/wp-json\/wp\/v2\/comments?post=1123"}],"wp:featuredmedia":[{"embeddable":true,"href":"https:\/\/sasproductos.com\/inicio\/wp-json\/wp\/v2\/media\/1210"}],"wp:attachment":[{"href":"https:\/\/sasproductos.com\/inicio\/wp-json\/wp\/v2\/media?parent=1123"}],"wp:term":[{"taxonomy":"product_cat","embeddable":true,"href":"https:\/\/sasproductos.com\/inicio\/wp-json\/wp\/v2\/product_cat?post=1123"},{"taxonomy":"product_tag","embeddable":true,"href":"https:\/\/sasproductos.com\/inicio\/wp-json\/wp\/v2\/product_tag?post=1123"}],"curies":[{"name":"wp","href":"https:\/\/api.w.org\/{rel}","templated":true}]}}