{"id":1119,"date":"2024-03-20T00:01:50","date_gmt":"2024-03-20T00:01:50","guid":{"rendered":"https:\/\/sasproductos.com\/inicio\/?post_type=product&#038;p=1119"},"modified":"2024-03-20T00:02:29","modified_gmt":"2024-03-20T00:02:29","slug":"mango-2966","status":"publish","type":"product","link":"https:\/\/sasproductos.com\/inicio\/producto\/mango-2966\/","title":{"rendered":"Mango 2966"},"content":{"rendered":"<p>Este mango es de polipropileno. Mide 25\u201d. Reduce el riesgo de contaminaci\u00f3n cruzada con un mango ultra higi\u00e9nico ligero y resistente que no tenga grietas donde las bacterias puedan esconderse. Dise\u00f1ado con bordes verticales y un acabado mate que garantiza un agarre mejorado, incluso con manos grasientas.<\/p>\n","protected":false},"excerpt":{"rendered":"<p>Referencia: 2966<\/p>\n<p>Colores disponibles: <img loading=\"lazy\" decoding=\"async\" class=\"wp-image-172 alignnone size-full\" src=\"https:\/\/sasproductos.com\/inicio\/wp-content\/uploads\/2023\/09\/sas-productos-verde.png\" alt=\"\" width=\"11\" height=\"11\" \/> <img loading=\"lazy\" decoding=\"async\" class=\"wp-image-173 alignnone size-full\" src=\"https:\/\/sasproductos.com\/inicio\/wp-content\/uploads\/2023\/09\/sas-productos-azul.png\" alt=\"\" width=\"11\" height=\"11\" \/> <img loading=\"lazy\" decoding=\"async\" class=\"wp-image-168 alignnone size-full\" src=\"https:\/\/sasproductos.com\/inicio\/wp-content\/uploads\/2023\/09\/sas-productos-rojo.png\" alt=\"\" width=\"11\" height=\"11\" \/> <img loading=\"lazy\" decoding=\"async\" class=\"wp-image-167 alignnone size-full\" src=\"https:\/\/sasproductos.com\/inicio\/wp-content\/uploads\/2023\/09\/sas-productos-blanco.png\" alt=\"\" width=\"11\" height=\"11\" \/> <img loading=\"lazy\" decoding=\"async\" class=\"wp-image-171 alignnone size-full\" src=\"https:\/\/sasproductos.com\/inicio\/wp-content\/uploads\/2023\/09\/sas-productos-amarillo.png\" alt=\"\" width=\"11\" height=\"11\" \/><\/p>\n","protected":false},"featured_media":1200,"comment_status":"open","ping_status":"closed","template":"","meta":{"_et_pb_use_builder":"","_et_pb_old_content":"","_et_gb_content_width":""},"product_cat":[28],"product_tag":[],"class_list":{"0":"post-1119","1":"product","2":"type-product","3":"status-publish","4":"has-post-thumbnail","6":"product_cat-mangos","8":"first","9":"instock","10":"shipping-taxable","11":"product-type-simple"},"_links":{"self":[{"href":"https:\/\/sasproductos.com\/inicio\/wp-json\/wp\/v2\/product\/1119","targetHints":{"allow":["GET"]}}],"collection":[{"href":"https:\/\/sasproductos.com\/inicio\/wp-json\/wp\/v2\/product"}],"about":[{"href":"https:\/\/sasproductos.com\/inicio\/wp-json\/wp\/v2\/types\/product"}],"replies":[{"embeddable":true,"href":"https:\/\/sasproductos.com\/inicio\/wp-json\/wp\/v2\/comments?post=1119"}],"wp:featuredmedia":[{"embeddable":true,"href":"https:\/\/sasproductos.com\/inicio\/wp-json\/wp\/v2\/media\/1200"}],"wp:attachment":[{"href":"https:\/\/sasproductos.com\/inicio\/wp-json\/wp\/v2\/media?parent=1119"}],"wp:term":[{"taxonomy":"product_cat","embeddable":true,"href":"https:\/\/sasproductos.com\/inicio\/wp-json\/wp\/v2\/product_cat?post=1119"},{"taxonomy":"product_tag","embeddable":true,"href":"https:\/\/sasproductos.com\/inicio\/wp-json\/wp\/v2\/product_tag?post=1119"}],"curies":[{"name":"wp","href":"https:\/\/api.w.org\/{rel}","templated":true}]}}