{"id":1062,"date":"2024-03-20T00:01:20","date_gmt":"2024-03-20T00:01:20","guid":{"rendered":"https:\/\/sasproductos.com\/inicio\/?post_type=product&#038;p=1062"},"modified":"2024-03-20T00:01:57","modified_gmt":"2024-03-20T00:01:57","slug":"cepillo-53825","status":"publish","type":"product","link":"https:\/\/sasproductos.com\/inicio\/producto\/cepillo-53825\/","title":{"rendered":"Cepillo 53825"},"content":{"rendered":"<p>Este cepillo es de poli\u00e9ster, polipropileno\u00a0 y acero inoxidable. Mide 1.9\u201d. Cepillo de tuber\u00eda y v\u00e1lvulas vers\u00e1til dise\u00f1ado para la limpieza de tuber\u00edas y \u00e1reas de dif\u00edcil acceso en el sector alimenticio. Las cerdas est\u00e1n unidas a un eje de acero inoxidable enrollado helicoidalmente, lo que lo hace fuerte y resistente a los qu\u00edmicos.<\/p>\n","protected":false},"excerpt":{"rendered":"<p>Referencia: 53825<\/p>\n<p>Colores disponibles: Blanco<\/p>\n","protected":false},"featured_media":1132,"comment_status":"open","ping_status":"closed","template":"","meta":{"_et_pb_use_builder":"","_et_pb_old_content":"","_et_gb_content_width":""},"product_cat":[26],"product_tag":[],"class_list":{"0":"post-1062","1":"product","2":"type-product","3":"status-publish","4":"has-post-thumbnail","6":"product_cat-cepillo-tuberia-y-valvulas-flexibles","8":"first","9":"instock","10":"shipping-taxable","11":"product-type-simple"},"_links":{"self":[{"href":"https:\/\/sasproductos.com\/inicio\/wp-json\/wp\/v2\/product\/1062","targetHints":{"allow":["GET"]}}],"collection":[{"href":"https:\/\/sasproductos.com\/inicio\/wp-json\/wp\/v2\/product"}],"about":[{"href":"https:\/\/sasproductos.com\/inicio\/wp-json\/wp\/v2\/types\/product"}],"replies":[{"embeddable":true,"href":"https:\/\/sasproductos.com\/inicio\/wp-json\/wp\/v2\/comments?post=1062"}],"wp:featuredmedia":[{"embeddable":true,"href":"https:\/\/sasproductos.com\/inicio\/wp-json\/wp\/v2\/media\/1132"}],"wp:attachment":[{"href":"https:\/\/sasproductos.com\/inicio\/wp-json\/wp\/v2\/media?parent=1062"}],"wp:term":[{"taxonomy":"product_cat","embeddable":true,"href":"https:\/\/sasproductos.com\/inicio\/wp-json\/wp\/v2\/product_cat?post=1062"},{"taxonomy":"product_tag","embeddable":true,"href":"https:\/\/sasproductos.com\/inicio\/wp-json\/wp\/v2\/product_tag?post=1062"}],"curies":[{"name":"wp","href":"https:\/\/api.w.org\/{rel}","templated":true}]}}