{"id":1011,"date":"2024-03-20T00:00:55","date_gmt":"2024-03-20T00:00:55","guid":{"rendered":"https:\/\/sasproductos.com\/inicio\/?post_type=product&#038;p=1011"},"modified":"2024-03-20T00:01:27","modified_gmt":"2024-03-20T00:01:27","slug":"extension-5346","status":"publish","type":"product","link":"https:\/\/sasproductos.com\/inicio\/producto\/extension-5346\/","title":{"rendered":"Extensi\u00f3n 5346"},"content":{"rendered":"<p><span data-sheets-root=\"1\" data-sheets-value=\"{&quot;1&quot;:2,&quot;2&quot;:&quot;Extensi\u00f3n de acero inoxidable. Limpie con facilidad el interior de tuber\u00edas, mangueras, etc., con esta extensi\u00f3n para varilla flexible (53515). Agregue tantas extensiones como sea necesario puede extenderse en intervalos de 75 cm. para acceder al interior de tubos de suministro de cualquier longitud. Compatible con los limpiadores de tubo 5354x, 5356x, 5365x, 5368x y 5391x.&quot;}\" data-sheets-userformat=\"{&quot;2&quot;:15171,&quot;3&quot;:{&quot;1&quot;:0},&quot;4&quot;:{&quot;1&quot;:2,&quot;2&quot;:16777215},&quot;9&quot;:0,&quot;11&quot;:4,&quot;12&quot;:0,&quot;14&quot;:{&quot;1&quot;:2,&quot;2&quot;:6710886},&quot;15&quot;:&quot;&quot;Open Sans&quot;, Arial, sans-serif&quot;,&quot;16&quot;:9}\">Extensi\u00f3n de acero inoxidable. Limpie con facilidad el interior de tuber\u00edas, mangueras, etc., con esta extensi\u00f3n para varilla flexible (53515). Agregue tantas extensiones como sea necesario puede extenderse en intervalos de 75 cm. para acceder al interior de tubos de suministro de cualquier longitud. Compatible con los limpiadores de tubo 5354x, 5356x, 5365x, 5368x y 5391x.<\/span><\/p>\n","protected":false},"excerpt":{"rendered":"<p>Referencia: 5346<\/p>\n<p>Colores disponibles: Acero Inoxidable<\/p>\n","protected":false},"featured_media":1083,"comment_status":"open","ping_status":"closed","template":"","meta":{"_et_pb_use_builder":"","_et_pb_old_content":"","_et_gb_content_width":""},"product_cat":[26],"product_tag":[],"class_list":{"0":"post-1011","1":"product","2":"type-product","3":"status-publish","4":"has-post-thumbnail","6":"product_cat-cepillo-tuberia-y-valvulas-flexibles","8":"first","9":"instock","10":"shipping-taxable","11":"product-type-simple"},"_links":{"self":[{"href":"https:\/\/sasproductos.com\/inicio\/wp-json\/wp\/v2\/product\/1011","targetHints":{"allow":["GET"]}}],"collection":[{"href":"https:\/\/sasproductos.com\/inicio\/wp-json\/wp\/v2\/product"}],"about":[{"href":"https:\/\/sasproductos.com\/inicio\/wp-json\/wp\/v2\/types\/product"}],"replies":[{"embeddable":true,"href":"https:\/\/sasproductos.com\/inicio\/wp-json\/wp\/v2\/comments?post=1011"}],"wp:featuredmedia":[{"embeddable":true,"href":"https:\/\/sasproductos.com\/inicio\/wp-json\/wp\/v2\/media\/1083"}],"wp:attachment":[{"href":"https:\/\/sasproductos.com\/inicio\/wp-json\/wp\/v2\/media?parent=1011"}],"wp:term":[{"taxonomy":"product_cat","embeddable":true,"href":"https:\/\/sasproductos.com\/inicio\/wp-json\/wp\/v2\/product_cat?post=1011"},{"taxonomy":"product_tag","embeddable":true,"href":"https:\/\/sasproductos.com\/inicio\/wp-json\/wp\/v2\/product_tag?post=1011"}],"curies":[{"name":"wp","href":"https:\/\/api.w.org\/{rel}","templated":true}]}}